{"id":6675,"date":"2024-05-11T04:24:46","date_gmt":"2024-05-11T04:24:46","guid":{"rendered":"https:\/\/goworldcargo.com\/servicos\/ocean-freight\/"},"modified":"2026-02-04T19:19:31","modified_gmt":"2026-02-04T19:19:31","slug":"ocean-freight","status":"publish","type":"page","link":"https:\/\/goworldcargo.com\/pt-br\/servicos\/ocean-freight\/","title":{"rendered":"Frete Mar\u00edtimo"},"content":{"rendered":"\n<div class=\"wp-block-cover alignfull\" style=\"margin-top:0;margin-bottom:0;padding-top:0;padding-right:var(--wp--preset--spacing--40);padding-bottom:0;padding-left:var(--wp--preset--spacing--40);min-height:40vh;aspect-ratio:unset;\"><span aria-hidden=\"true\" class=\"wp-block-cover__background has-background-dim\" style=\"background-color:#76736b\"><\/span><div class=\"wp-block-cover__inner-container has-global-padding is-layout-constrained wp-container-core-cover-is-layout-c75e7cd3 wp-block-cover-is-layout-constrained\">\n<div class=\"wp-block-group alignwide is-content-justification-space-between is-nowrap is-layout-flex wp-container-core-group-is-layout-cb46ffcb wp-block-group-is-layout-flex\">\n<h1 class=\"wp-block-heading alignfull has-base-2-color has-text-color has-link-color wp-elements-04c1697ccbfe11fe48397b072dc695c4\" style=\"font-size:clamp(1.743em, 1.743rem + ((1vw - 0.2em) * 2.095), 3em);\">Frete Mar\u00edtimo<\/h1>\n\n\n\n<div class=\"wp-block-group is-content-justification-right is-layout-flex wp-container-core-group-is-layout-362c6537 wp-block-group-is-layout-flex\">\n<p class=\"has-base-2-color has-text-color has-link-color wp-elements-0d9c70965c62c0438ec91aa3803c35b0\" style=\"font-size:clamp(0.875em, 0.875rem + ((1vw - 0.2em) * 0.542), 1.2em);\">In\u00edcio<\/p>\n\n\n\n<p class=\"has-base-2-color has-text-color has-link-color wp-elements-462c818bb0bd79c9a3c2e04b65f489ba\" style=\"font-size:clamp(0.875em, 0.875rem + ((1vw - 0.2em) * 0.542), 1.2em);\">\/<\/p>\n\n\n\n<p class=\"has-base-2-color has-text-color has-link-color wp-elements-1b542ff054d909b4bb93d612bbedcf3e\" style=\"font-size:clamp(0.875em, 0.875rem + ((1vw - 0.2em) * 0.542), 1.2em);\">Servi\u00e7os<\/p>\n\n\n\n<p class=\"has-base-2-color has-text-color has-link-color wp-elements-462c818bb0bd79c9a3c2e04b65f489ba\" style=\"font-size:clamp(0.875em, 0.875rem + ((1vw - 0.2em) * 0.542), 1.2em);\">\/<\/p>\n\n\n\n<p class=\"has-base-2-color has-text-color has-link-color wp-elements-4aca1dfa64bcfca50a64c92f21c57924\" style=\"font-size:clamp(0.875em, 0.875rem + ((1vw - 0.2em) * 0.542), 1.2em);font-style:normal;font-weight:400\">Frete Mar\u00edtimo<\/p>\n<\/div>\n<\/div>\n<\/div><\/div>\n\n\n\n<div class=\"wp-block-group alignfull has-background has-global-padding is-layout-constrained wp-container-core-group-is-layout-69847f8d wp-block-group-is-layout-constrained\" style=\"background-color:#efefef;margin-top:0;margin-bottom:0;padding-top:var(--wp--preset--spacing--40);padding-right:var(--wp--preset--spacing--40);padding-bottom:var(--wp--preset--spacing--40);padding-left:var(--wp--preset--spacing--40)\">\n<div class=\"wp-block-group alignwide is-layout-flow wp-container-core-group-is-layout-548c0a7b wp-block-group-is-layout-flow\" style=\"margin-top:0;margin-bottom:0;padding-top:0;padding-right:0;padding-bottom:0;padding-left:0\">\n<div class=\"wp-block-columns is-layout-flex wp-container-core-columns-is-layout-ae60c040 wp-block-columns-is-layout-flex\" style=\"margin-top:0;margin-bottom:0;padding-top:0;padding-right:0;padding-bottom:0;padding-left:0\">\n<div class=\"wp-block-column is-vertically-aligned-stretch is-layout-flow wp-block-column-is-layout-flow\" style=\"flex-basis:60%\">\n<div class=\"wp-block-group is-layout-flow wp-container-core-group-is-layout-9b635ac4 wp-block-group-is-layout-flow\">\n<h2 class=\"wp-block-heading alignfull\" style=\"margin-bottom:1.5rem;font-style:normal;font-weight:200\">Entregando suas remessas exclusivas em todo o mundo<\/h2>\n\n\n\n<p>O frete mar\u00edtimo responde por cerca de 90% das mercadorias importadas e exportadas, porque oferece solu\u00e7\u00f5es que atendem envios de maior volume com excelente custo-benef\u00edcio. Navegar pelo mercado de frete mar\u00edtimo exige entender quem s\u00e3o as empresas que operam os navios e fornecem os cont\u00eaineres respons\u00e1veis por transportar sua carga. A World Cargo tem relacionamento com as principais armadoras (steamship lines) e oferece servi\u00e7o para qualquer porto internacional relevante, com rotas eficientes e opera\u00e7\u00e3o bem coordenada. Seja para uma mudan\u00e7a internacional ou para o envio de cargas comerciais, optar pelo frete mar\u00edtimo com a World Cargo \u00e9 a escolha certa.<\/p>\n\n\n\n<p>Atendemos embarques LCL (carga fracionada \/ menor que um cont\u00eainer) e FCL (cont\u00eainer completo). Nenhum envio \u00e9 grande demais \u2014 e nossa experi\u00eancia ajuda voc\u00ea a economizar tempo e dinheiro. Nossa equipe tamb\u00e9m pode coordenar embalagem, engradamento (crating) e carregamento do seu embarque. Al\u00e9m disso, cuidamos de toda a documenta\u00e7\u00e3o de exporta\u00e7\u00e3o, oferecendo ao embarcador uma experi\u00eancia mais simples e organizada. Nosso conhecimento do setor elimina a incerteza do processo e garante que seus itens cheguem \u00edntegros e em seguran\u00e7a.<\/p>\n<\/div>\n\n\n\n<div class=\"wp-block-buttons is-content-justification-left is-layout-flex wp-container-core-buttons-is-layout-918e60fa wp-block-buttons-is-layout-flex\" style=\"margin-top:1.5rem;margin-bottom:0rem\">\n<div class=\"wp-block-button has-custom-width wp-block-button__width-100 is-style-fill bt-solid-blue\"><a class=\"wp-block-button__link has-base-2-color has-custom-color-1-background-color has-text-color has-background has-link-color wp-element-button\" href=\"https:\/\/goworldcargo.com\/pt-br\/contact-us\/\">Solicitar or\u00e7amento<\/a><\/div>\n<\/div>\n<\/div>\n\n\n\n<div class=\"wp-block-column is-layout-flow wp-block-column-is-layout-flow\" style=\"flex-basis:40%\">\n<div class=\"wp-block-group has-base-2-background-color has-background has-global-padding is-layout-constrained wp-container-core-group-is-layout-3711f9ca wp-block-group-is-layout-constrained\" style=\"border-radius:10px;padding-top:var(--wp--preset--spacing--20);padding-right:var(--wp--preset--spacing--20);padding-bottom:var(--wp--preset--spacing--20);padding-left:var(--wp--preset--spacing--20)\">\n<div class=\"wp-block-group has-global-padding is-layout-constrained wp-container-core-group-is-layout-19e250f3 wp-block-group-is-layout-constrained\">\n<figure class=\"wp-block-image aligncenter size-full is-resized is-style-default\"><img loading=\"lazy\" decoding=\"async\" width=\"492\" height=\"492\" src=\"https:\/\/goworldcargo.com\/wp-content\/uploads\/2024\/05\/Ocean-Freight-Icon.png\" alt=\"\" class=\"wp-image-36\" style=\"width:100px\" title=\"\" srcset=\"https:\/\/goworldcargo.com\/wp-content\/uploads\/2024\/05\/Ocean-Freight-Icon.png 492w, https:\/\/goworldcargo.com\/wp-content\/uploads\/2024\/05\/Ocean-Freight-Icon-300x300.png 300w, https:\/\/goworldcargo.com\/wp-content\/uploads\/2024\/05\/Ocean-Freight-Icon-150x150.png 150w\" sizes=\"auto, (max-width: 492px) 100vw, 492px\" \/><\/figure>\n\n\n\n<h2 class=\"wp-block-heading\" style=\"font-size:clamp(1.146em, 1.146rem + ((1vw - 0.2em) * 1.09), 1.8em);font-style:normal;font-weight:200\">Frete Mar\u00edtimo \u00e9 mais indicado para<\/h2>\n<\/div>\n\n\n\n<ul style=\"font-size:clamp(0.875em, 0.875rem + ((1vw - 0.2em) * 0.208), 1em);\" class=\"wp-block-list\">\n<li>Commodities a granel: minerais, gr\u00e3os, min\u00e9rios, m\u00e1quinas.<\/li>\n\n\n\n<li>N\u00e3o perec\u00edveis: demanda est\u00e1vel e maior vida \u00fatil.<\/li>\n\n\n\n<li>Cont\u00eaineres padronizados: transporte eficiente para varejo e distribui\u00e7\u00e3o.<\/li>\n\n\n\n<li>Grandes volumes: itens pessoais, ve\u00edculos, cargas oversized.<\/li>\n\n\n\n<li>Op\u00e7\u00f5es de cont\u00eainer: FCL 20\u2019 e 40\u2019, e LCL para volumes menores.<\/li>\n\n\n\n<li>Quem prioriza custo: aceita tr\u00e2nsito mais longo para reduzir despesas.<\/li>\n<\/ul>\n<\/div>\n<\/div>\n<\/div>\n<\/div>\n<\/div>\n\n\n\n<div class=\"wp-block-group alignfull has-custom-primary-background-color has-background has-global-padding is-layout-constrained wp-container-core-group-is-layout-a520695c wp-block-group-is-layout-constrained\" style=\"margin-top:0;margin-bottom:0;padding-top:2rem;padding-right:2rem;padding-bottom:2rem;padding-left:2rem\">\n<div class=\"wp-block-group alignwide only-desktop is-layout-flow wp-block-group-is-layout-flow\">\n<div class=\"wp-block-columns alignwide are-vertically-aligned-center is-layout-flex wp-container-core-columns-is-layout-bae2ebf5 wp-block-columns-is-layout-flex\" style=\"margin-top:0;margin-bottom:0;padding-top:0;padding-right:0;padding-bottom:0;padding-left:0\">\n<div class=\"wp-block-column is-vertically-aligned-center is-layout-flow wp-block-column-is-layout-flow\" style=\"flex-basis:60%\">\n<h3 class=\"wp-block-heading alignfull has-text-align-left has-base-2-color has-text-color has-link-color wp-elements-94f0580f23abd2b0f0f9c952ef935ba4\">Fale com nossos especialistas em transporte hoje<\/h3>\n<\/div>\n\n\n\n<div class=\"wp-block-column is-vertically-aligned-center is-layout-flow wp-block-column-is-layout-flow\" style=\"flex-basis:40%\">\n<div class=\"wp-block-buttons wp-container-content-9cfa9a5a is-horizontal is-content-justification-center is-nowrap is-layout-flex wp-container-core-buttons-is-layout-3db4d373 wp-block-buttons-is-layout-flex\">\n<div class=\"wp-block-button has-custom-width wp-block-button__width-100 is-style-fill bt-solid-white\"><a class=\"wp-block-button__link has-custom-primary-color has-base-2-background-color has-text-color has-background has-link-color wp-element-button\" href=\"https:\/\/goworldcargo.com\/pt-br\/contact-us\/\" style=\"padding-top:var(--wp--preset--spacing--10);padding-bottom:var(--wp--preset--spacing--10);font-style:normal;font-weight:600\">Solicite uma cota\u00e7\u00e3o de Frete Mar\u00edtimo<\/a><\/div>\n<\/div>\n<\/div>\n<\/div>\n<\/div>\n\n\n<\/div>\n\n\n\n<div class=\"wp-block-group alignfull has-global-padding is-layout-constrained wp-container-core-group-is-layout-21ce7433 wp-block-group-is-layout-constrained\" style=\"margin-top:0;margin-bottom:0;padding-top:4rem;padding-right:2rem;padding-bottom:4rem;padding-left:2rem\">\n<div class=\"wp-block-media-text alignwide is-stacked-on-mobile is-image-fill-element\"><figure class=\"wp-block-media-text__media\"><img loading=\"lazy\" decoding=\"async\" width=\"1024\" height=\"683\" src=\"https:\/\/goworldcargo.com\/wp-content\/uploads\/2024\/05\/FCL-Image-1024x683.jpg\" alt=\"\" class=\"wp-image-140 size-full\" style=\"object-position:50% 50%\" title=\"\" srcset=\"https:\/\/goworldcargo.com\/wp-content\/uploads\/2024\/05\/FCL-Image-1024x683.jpg 1024w, https:\/\/goworldcargo.com\/wp-content\/uploads\/2024\/05\/FCL-Image-300x200.jpg 300w, https:\/\/goworldcargo.com\/wp-content\/uploads\/2024\/05\/FCL-Image-768x512.jpg 768w, https:\/\/goworldcargo.com\/wp-content\/uploads\/2024\/05\/FCL-Image-1536x1024.jpg 1536w, https:\/\/goworldcargo.com\/wp-content\/uploads\/2024\/05\/FCL-Image-2048x1365.jpg 2048w\" sizes=\"auto, (max-width: 1024px) 100vw, 1024px\" \/><\/figure><div class=\"wp-block-media-text__content\">\n<h2 class=\"wp-block-heading has-large-font-size\" style=\"font-style:normal;font-weight:200\">Cont\u00eainer Completo<\/h2>\n\n\n\n<p class=\"has-small-font-size\"><br>O envio em FCL d\u00e1 \u00e0 sua carga o uso exclusivo de um cont\u00eainer mar\u00edtimo de 20 ou 40 p\u00e9s, lacrado na origem e aberto apenas no porto de destino. Como todo o cont\u00eainer segue com um embarcador e um consignat\u00e1rio, o FCL evita atrasos de consolida\u00e7\u00e3o, reduz riscos de manuseio e, geralmente, oferece o melhor custo por metro c\u00fabico quando o volume ultrapassa aproximadamente 15 m\u00b3. A World Cargo reserva espa\u00e7o com garantia com as principais armadoras do mundo nas rotas mais movimentadas saindo de Vancouver e outros portos canadenses, protegendo seu embarque contra remarca\u00e7\u00f5es comuns em alta temporada. Escolha FCL quando voc\u00ea precisa de tr\u00e2nsito mais r\u00e1pido, maior seguran\u00e7a e tarifas \u201call-in\u201d de frete mar\u00edtimo para m\u00e1quinas, ve\u00edculos ou cargas comerciais de alto valor.<\/p>\n<\/div><\/div>\n\n\n\n<div class=\"wp-block-media-text alignwide has-media-on-the-right is-stacked-on-mobile is-image-fill-element\"><div class=\"wp-block-media-text__content\">\n<h2 class=\"wp-block-heading has-large-font-size\" style=\"font-style:normal;font-weight:200\">Carga Fracionada<\/h2>\n\n\n\n<p class=\"has-small-font-size\"><br>O envio em LCL permite pagar apenas pelo espa\u00e7o utilizado, mantendo acesso a um frete mar\u00edtimo confi\u00e1vel. \u00c9 ideal para 1 a 12 m\u00b3 de caixas, pallets ou volumes especiais. No LCL, cargas de diferentes embarcadores s\u00e3o consolidadas no mesmo cont\u00eainer e a cobran\u00e7a \u00e9 feita pelo maior entre peso ou volume (1.000 kg = 1 CBM) Com cut-offs semanais em Vancouver, a World Cargo reduz o tempo de espera, e voc\u00ea acompanha cada marco \u2014 entrada no CFS, embarque no navio, desconsolida\u00e7\u00e3o \u2014 no nosso rastreamento online. O LCL \u00e9 a forma mais econ\u00f4mica de transportar cargas menores internacionalmente, podendo economizar at\u00e9 70% em compara\u00e7\u00e3o ao frete a\u00e9reo, mantendo um servi\u00e7o confi\u00e1vel porta\u2013porto\/porta\u2013porto (conforme modalidade contratada).<\/p>\n<\/div><figure class=\"wp-block-media-text__media\"><img loading=\"lazy\" decoding=\"async\" width=\"1024\" height=\"683\" src=\"https:\/\/goworldcargo.com\/wp-content\/uploads\/2024\/05\/LCL-Image-1024x683.jpg\" alt=\"\" class=\"wp-image-141 size-full\" style=\"object-position:50% 50%\" title=\"\" srcset=\"https:\/\/goworldcargo.com\/wp-content\/uploads\/2024\/05\/LCL-Image-1024x683.jpg 1024w, https:\/\/goworldcargo.com\/wp-content\/uploads\/2024\/05\/LCL-Image-300x200.jpg 300w, https:\/\/goworldcargo.com\/wp-content\/uploads\/2024\/05\/LCL-Image-768x512.jpg 768w, https:\/\/goworldcargo.com\/wp-content\/uploads\/2024\/05\/LCL-Image-1536x1024.jpg 1536w, https:\/\/goworldcargo.com\/wp-content\/uploads\/2024\/05\/LCL-Image-2048x1365.jpg 2048w\" sizes=\"auto, (max-width: 1024px) 100vw, 1024px\" \/><\/figure><\/div>\n\n\n\n<div class=\"wp-block-media-text alignwide is-stacked-on-mobile is-image-fill-element\"><figure class=\"wp-block-media-text__media\"><img loading=\"lazy\" decoding=\"async\" width=\"1024\" height=\"768\" src=\"https:\/\/goworldcargo.com\/wp-content\/uploads\/2024\/05\/Reefer-Image-1024x768.jpg\" alt=\"\" class=\"wp-image-142 size-full\" style=\"object-position:50% 50%\" title=\"\" srcset=\"https:\/\/goworldcargo.com\/wp-content\/uploads\/2024\/05\/Reefer-Image-1024x768.jpg 1024w, https:\/\/goworldcargo.com\/wp-content\/uploads\/2024\/05\/Reefer-Image-300x225.jpg 300w, https:\/\/goworldcargo.com\/wp-content\/uploads\/2024\/05\/Reefer-Image-768x576.jpg 768w, https:\/\/goworldcargo.com\/wp-content\/uploads\/2024\/05\/Reefer-Image-1536x1152.jpg 1536w, https:\/\/goworldcargo.com\/wp-content\/uploads\/2024\/05\/Reefer-Image-2048x1536.jpg 2048w\" sizes=\"auto, (max-width: 1024px) 100vw, 1024px\" \/><\/figure><div class=\"wp-block-media-text__content\">\n<h2 class=\"wp-block-heading has-large-font-size\" style=\"font-style:normal;font-weight:200\">Cont\u00eainer refrigerado<\/h2>\n\n\n\n<p class=\"has-small-font-size\"><br>Cont\u00eaineres Reefer s\u00e3o unidades isoladas e com controle de temperatura, capazes de manter resfriamento ou aquecimento preciso de -25 \u00b0C a +25 \u00b0C durante toda a viagem. S\u00e3o o padr\u00e3o-ouro para transportar perec\u00edveis, farmac\u00eauticos e outros produtos sens\u00edveis ao calor que precisam permanecer dentro de uma faixa estreita de temperatura. A World Cargo garante espa\u00e7o dedicado em Reefer FCL em escalas diretas, realiza inspe\u00e7\u00f5es pr\u00e9-viagem (pre-trip), e monitora umidade e fluxo de ar para preservar a vida \u00fatil e a integridade do produto. Com transporte rodovi\u00e1rio refrigerado nas duas pontas e acompanhamento de temperatura em tempo real, nosso servi\u00e7o Reefer garante conformidade de cadeia fria (cold chain) do in\u00edcio ao fim, tanto para exporta\u00e7\u00e3o quanto para importa\u00e7\u00e3o.<\/p>\n<\/div><\/div>\n\n\n\n<div class=\"wp-block-media-text alignwide has-media-on-the-right is-stacked-on-mobile is-image-fill-element\"><div class=\"wp-block-media-text__content\">\n<h2 class=\"wp-block-heading has-large-font-size\" style=\"font-style:normal;font-weight:200\">Navios Lift-On \/ Lift-Off<\/h2>\n\n\n\n<p class=\"has-small-font-size\"><br>Navios Lift-On \/ Lift-Off (LOLO) utilizam guindastes do porto ou guindastes embarcados para carregar e descarregar cont\u00eaineres, carga solta (break-bulk) e projetos pesados em terminais com pouca estrutura de roll-on\/roll-off (RO\/RO). Como os LOLO suportam FCL, LCL e Reefer, oferecem flexibilidade incompar\u00e1vel para cargas mistas, pe\u00e7as fora de padr\u00e3o (out-of-gauge) e chamadas em portos remotos. A World Cargo coordena a amarra\u00e7\u00e3o (rigging), o planejamento de estivagem e o manuseio portu\u00e1rio para reduzir tempo de atraca\u00e7\u00e3o e garantir a seguran\u00e7a da carga. Se sua opera\u00e7\u00e3o exige solu\u00e7\u00f5es especiais de i\u00e7amento ou envolve terminais sem rampas RO\/RO, o servi\u00e7o LOLO \u00e9 uma alternativa vers\u00e1til e econ\u00f4mica para movimentos globais via frete mar\u00edtimo.<\/p>\n<\/div><figure class=\"wp-block-media-text__media\"><img loading=\"lazy\" decoding=\"async\" width=\"1024\" height=\"680\" src=\"https:\/\/goworldcargo.com\/wp-content\/uploads\/2024\/05\/LOLO-Image-1024x680.jpg\" alt=\"\" class=\"wp-image-143 size-full\" style=\"object-position:50% 50%\" title=\"\" srcset=\"https:\/\/goworldcargo.com\/wp-content\/uploads\/2024\/05\/LOLO-Image-1024x680.jpg 1024w, https:\/\/goworldcargo.com\/wp-content\/uploads\/2024\/05\/LOLO-Image-300x199.jpg 300w, https:\/\/goworldcargo.com\/wp-content\/uploads\/2024\/05\/LOLO-Image-768x510.jpg 768w, https:\/\/goworldcargo.com\/wp-content\/uploads\/2024\/05\/LOLO-Image-1536x1020.jpg 1536w, https:\/\/goworldcargo.com\/wp-content\/uploads\/2024\/05\/LOLO-Image-2048x1360.jpg 2048w\" sizes=\"auto, (max-width: 1024px) 100vw, 1024px\" \/><\/figure><\/div>\n<\/div>\n\n\n\n\n","protected":false},"excerpt":{"rendered":"<p>Entregando suas remessas exclusivas em todo o mundo O frete mar\u00edtimo responde por cerca de 90% das mercadorias importadas e exportadas, porque oferece solu\u00e7\u00f5es que atendem envios de maior volume com excelente custo-benef\u00edcio. Navegar pelo mercado de frete mar\u00edtimo exige entender quem s\u00e3o as empresas que operam os navios e fornecem os cont\u00eaineres respons\u00e1veis por [&hellip;]<\/p>\n","protected":false},"author":1,"featured_media":0,"parent":5963,"menu_order":0,"comment_status":"closed","ping_status":"closed","template":"page-no-title","meta":{"footnotes":""},"class_list":["post-6675","page","type-page","status-publish","hentry"],"_links":{"self":[{"href":"https:\/\/goworldcargo.com\/pt-br\/wp-json\/wp\/v2\/pages\/6675","targetHints":{"allow":["GET"]}}],"collection":[{"href":"https:\/\/goworldcargo.com\/pt-br\/wp-json\/wp\/v2\/pages"}],"about":[{"href":"https:\/\/goworldcargo.com\/pt-br\/wp-json\/wp\/v2\/types\/page"}],"author":[{"embeddable":true,"href":"https:\/\/goworldcargo.com\/pt-br\/wp-json\/wp\/v2\/users\/1"}],"replies":[{"embeddable":true,"href":"https:\/\/goworldcargo.com\/pt-br\/wp-json\/wp\/v2\/comments?post=6675"}],"version-history":[{"count":0,"href":"https:\/\/goworldcargo.com\/pt-br\/wp-json\/wp\/v2\/pages\/6675\/revisions"}],"up":[{"embeddable":true,"href":"https:\/\/goworldcargo.com\/pt-br\/wp-json\/wp\/v2\/pages\/5963"}],"wp:attachment":[{"href":"https:\/\/goworldcargo.com\/pt-br\/wp-json\/wp\/v2\/media?parent=6675"}],"curies":[{"name":"wp","href":"https:\/\/api.w.org\/{rel}","templated":true}]}}