{"id":6392,"date":"2024-06-05T21:53:04","date_gmt":"2024-06-05T21:53:04","guid":{"rendered":"https:\/\/goworldcargo.com\/sobre-nos\/"},"modified":"2026-01-14T19:55:23","modified_gmt":"2026-01-14T19:55:23","slug":"sobre-nos","status":"publish","type":"page","link":"https:\/\/goworldcargo.com\/pt-br\/sobre-nos\/","title":{"rendered":"Sobre n\u00f3s"},"content":{"rendered":"\n<div class=\"wp-block-cover alignfull\" style=\"margin-top:0;margin-bottom:0;padding-top:0;padding-right:var(--wp--preset--spacing--40);padding-bottom:0;padding-left:var(--wp--preset--spacing--40);min-height:40vh;aspect-ratio:unset;\"><img loading=\"lazy\" decoding=\"async\" width=\"2560\" height=\"1146\" class=\"wp-block-cover__image-background wp-image-3640\" alt=\"\" src=\"https:\/\/goworldcargo.com\/wp-content\/uploads\/2024\/07\/World-Cargo-Front-Office-scaled.jpg\" style=\"object-position:50% 75%\" data-object-fit=\"cover\" data-object-position=\"50% 75%\" title=\"\" srcset=\"https:\/\/goworldcargo.com\/wp-content\/uploads\/2024\/07\/World-Cargo-Front-Office-scaled.jpg 2560w, https:\/\/goworldcargo.com\/wp-content\/uploads\/2024\/07\/World-Cargo-Front-Office-300x134.jpg 300w, https:\/\/goworldcargo.com\/wp-content\/uploads\/2024\/07\/World-Cargo-Front-Office-1024x458.jpg 1024w, https:\/\/goworldcargo.com\/wp-content\/uploads\/2024\/07\/World-Cargo-Front-Office-768x344.jpg 768w, https:\/\/goworldcargo.com\/wp-content\/uploads\/2024\/07\/World-Cargo-Front-Office-1536x688.jpg 1536w, https:\/\/goworldcargo.com\/wp-content\/uploads\/2024\/07\/World-Cargo-Front-Office-2048x917.jpg 2048w\" sizes=\"auto, (max-width: 2560px) 100vw, 2560px\" \/><span aria-hidden=\"true\" class=\"wp-block-cover__background has-background-dim-20 has-background-dim\" style=\"background-color:#415f74\"><\/span><div class=\"wp-block-cover__inner-container has-global-padding is-layout-constrained wp-container-core-cover-is-layout-c75e7cd3 wp-block-cover-is-layout-constrained\">\n<div class=\"wp-block-group alignwide is-content-justification-space-between is-nowrap is-layout-flex wp-container-core-group-is-layout-cb46ffcb wp-block-group-is-layout-flex\">\n<h1 class=\"wp-block-heading alignfull has-base-2-color has-text-color has-link-color wp-elements-2f15cbdc131073ba6970f0c6c31a2cc9\" style=\"font-size:clamp(1.743rem, 1.743rem + ((1vw - 0.2rem) * 2.095), 3rem);\">Sobre n\u00f3s<\/h1>\n\n\n\n<div class=\"wp-block-group is-content-justification-right is-layout-flex wp-container-core-group-is-layout-362c6537 wp-block-group-is-layout-flex\">\n<p class=\"has-base-2-color has-text-color has-link-color wp-elements-281c32923cc753c55ca2293ce66f8872\" style=\"font-size:clamp(0.875em, 0.875rem + ((1vw - 0.2em) * 0.542), 1.2em);\">In\u00edcio<\/p>\n\n\n\n<p class=\"has-base-2-color has-text-color has-link-color wp-elements-462c818bb0bd79c9a3c2e04b65f489ba\" style=\"font-size:clamp(0.875em, 0.875rem + ((1vw - 0.2em) * 0.542), 1.2em);\">\/<\/p>\n\n\n\n<p class=\"has-base-2-color has-text-color has-link-color wp-elements-0a28f1d48a1fd189bcbd060ee9df9774\" style=\"font-size:clamp(0.875em, 0.875rem + ((1vw - 0.2em) * 0.542), 1.2em);font-style:normal;font-weight:400\">Sobre n\u00f3s<\/p>\n<\/div>\n<\/div>\n<\/div><\/div>\n\n<div class=\"wp-block-group alignfull has-global-padding is-layout-constrained wp-container-core-group-is-layout-fc3172a5 wp-block-group-is-layout-constrained\" style=\"margin-top:0;margin-bottom:0;padding-top:var(--wp--preset--spacing--40);padding-right:var(--wp--preset--spacing--40);padding-bottom:var(--wp--preset--spacing--40);padding-left:var(--wp--preset--spacing--40)\">\n<div class=\"wp-block-group alignwide is-layout-flow wp-block-group-is-layout-flow\">\n<div class=\"wp-block-columns is-layout-flex wp-container-core-columns-is-layout-87beb0d0 wp-block-columns-is-layout-flex\">\n<div class=\"wp-block-column is-layout-flow wp-block-column-is-layout-flow\" style=\"flex-basis:30%\">\n<h2 class=\"wp-block-heading\" style=\"font-style:normal;font-weight:200\">Nosso setor<\/h2>\n<\/div>\n\n\n\n<div class=\"wp-block-column is-layout-flow wp-block-column-is-layout-flow\" style=\"flex-basis:70%\">\n<p>Agenciamento de carga \u00e9 o termo do setor para o que fazemos na World Cargo. Como agentes de carga experientes, atuamos como agentes de transporte para nossos clientes e organizamos o transporte de seus produtos. Nossa grande rede de transportadoras nos fornece um conjunto diversificado de servi\u00e7os e acesso a qualquer destino. A equipe da World Cargo pode organizar toda a sua remessa e atender \u00e0s suas necessidades como remetente. Facilitamos o agenciamento de carga para que seu destino pare\u00e7a muito mais pr\u00f3ximo.     <\/p>\n<\/div>\n<\/div>\n\n\n\n<div class=\"wp-block-columns is-layout-flex wp-container-core-columns-is-layout-87beb0d0 wp-block-columns-is-layout-flex\">\n<div class=\"wp-block-column is-layout-flow wp-block-column-is-layout-flow\" style=\"flex-basis:30%\">\n<h2 class=\"wp-block-heading\" style=\"font-style:normal;font-weight:200\">Nossos neg\u00f3cios<\/h2>\n<\/div>\n\n\n\n<div class=\"wp-block-column is-layout-flow wp-block-column-is-layout-flow\" style=\"flex-basis:70%\">\n<p>A World Cargo \u00e9 formada por uma equipe trabalhadora que entende o que \u00e9 preciso para ter sucesso neste setor. N\u00f3s nos concentramos em nossos clientes, fazendo as perguntas certas e encontrando o servi\u00e7o perfeito para atender \u00e0s suas necessidades. Nossos anos de experi\u00eancia nos d\u00e3o uma vantagem competitiva no setor de transporte do Canad\u00e1. Desenvolvemos uma infraestrutura que nos permite oferecer as taxas mais competitivas do mercado. Em \u00faltima an\u00e1lise, seja voc\u00ea importando ou exportando, podemos garantir a entrega segura, eficiente e econ\u00f4mica de seus produtos.    <\/p>\n<\/div>\n<\/div>\n\n\n\n<div class=\"wp-block-columns is-layout-flex wp-container-core-columns-is-layout-87beb0d0 wp-block-columns-is-layout-flex\">\n<div class=\"wp-block-column is-layout-flow wp-block-column-is-layout-flow\" style=\"flex-basis:30%\">\n<h2 class=\"wp-block-heading\" style=\"font-style:normal;font-weight:200\">Nossa hist\u00f3ria<\/h2>\n<\/div>\n\n\n\n<div class=\"wp-block-column is-layout-flow wp-block-column-is-layout-flow\" style=\"flex-basis:70%\">\n<p>A World Cargo est\u00e1 no mercado h\u00e1 quase uma d\u00e9cada e tem mais de 35 anos de experi\u00eancia combinada em transporte. Matthew Bryson assumiu a propriedade e se tornou presidente em 2008. Desde ent\u00e3o, a World Cargo implementou rotas de transporte novas e aprimoradas, expandiu suas ofertas de servi\u00e7os e forneceu a milhares de clientes um servi\u00e7o especializado. Al\u00e9m de desenvolver toda a divis\u00e3o de frete mar\u00edtimo da World Cargo, Matthew continua a desenvolver o foco da empresa em corpora\u00e7\u00f5es e indiv\u00edduos. Com \u00eanfase no servi\u00e7o e na experi\u00eancia, voc\u00ea pode ficar tranquilo sabendo que est\u00e1 em boas m\u00e3os com a World Cargo.    <\/p>\n<\/div>\n<\/div>\n<\/div>\n<\/div>\n\n<div class=\"wp-block-group alignfull has-background has-global-padding is-layout-constrained wp-container-core-group-is-layout-8f39493d wp-block-group-is-layout-constrained\" style=\"background-color:#efefef;margin-top:0;margin-bottom:0;padding-top:var(--wp--preset--spacing--40);padding-right:var(--wp--preset--spacing--40);padding-bottom:var(--wp--preset--spacing--40);padding-left:var(--wp--preset--spacing--40)\">\n<div class=\"wp-block-group alignwide is-layout-flow wp-container-core-group-is-layout-19eabfb7 wp-block-group-is-layout-flow\">\n<h2 class=\"wp-block-heading alignfull has-text-align-center\" style=\"font-style:normal;font-weight:200\">Nossa equipe<\/h2>\n\n\n\n<div class=\"wp-block-group alignfull has-global-padding is-layout-constrained wp-container-core-group-is-layout-e0082cf6 wp-block-group-is-layout-constrained\">\n<div class=\"wp-block-columns alignfull is-layout-flex wp-container-core-columns-is-layout-1da14fc4 wp-block-columns-is-layout-flex\" style=\"padding-top:0;padding-right:var(--wp--preset--spacing--20);padding-bottom:0;padding-left:var(--wp--preset--spacing--20)\">\n<div class=\"wp-block-column is-layout-flow wp-container-core-column-is-layout-22f5fd8e wp-block-column-is-layout-flow\">\n<figure class=\"wp-block-image size-large\"><img loading=\"lazy\" decoding=\"async\" width=\"1024\" height=\"687\" src=\"https:\/\/goworldcargo.com\/wp-content\/uploads\/2025\/12\/Matt-Headshot-1024x687.jpg\" alt=\"Foto de Matthew Bryson.\" class=\"wp-image-5970\" title=\"\" srcset=\"https:\/\/goworldcargo.com\/wp-content\/uploads\/2025\/12\/Matt-Headshot-1024x687.jpg 1024w, https:\/\/goworldcargo.com\/wp-content\/uploads\/2025\/12\/Matt-Headshot-300x201.jpg 300w, https:\/\/goworldcargo.com\/wp-content\/uploads\/2025\/12\/Matt-Headshot-768x515.jpg 768w, https:\/\/goworldcargo.com\/wp-content\/uploads\/2025\/12\/Matt-Headshot-1536x1030.jpg 1536w, https:\/\/goworldcargo.com\/wp-content\/uploads\/2025\/12\/Matt-Headshot-2048x1374.jpg 2048w\" sizes=\"auto, (max-width: 1024px) 100vw, 1024px\" \/><\/figure>\n\n\n\n<div class=\"wp-block-group is-layout-flow wp-container-core-group-is-layout-a77db08e wp-block-group-is-layout-flow\">\n<p>Matthew Bryson<\/p>\n\n\n\n<p class=\"has-small-font-size\">Presidente<\/p>\n<\/div>\n\n\n\n<p class=\"has-small-font-size\">Como presidente da World Cargo, Matthew liderou estrategicamente as opera\u00e7\u00f5es da empresa com foco no desenvolvimento de neg\u00f3cios. Ele se esfor\u00e7a para fornecer solu\u00e7\u00f5es de log\u00edstica em n\u00edvel internacional. Matthew promove e incorpora as miss\u00f5es e os valores fundamentais da empresa, promovendo uma cultura de excel\u00eancia, compromisso e qualidade no atendimento ao cliente.  <\/p>\n<\/div>\n\n\n\n<div class=\"wp-block-column is-layout-flow wp-container-core-column-is-layout-22f5fd8e wp-block-column-is-layout-flow\">\n<figure class=\"wp-block-image size-large\"><img loading=\"lazy\" decoding=\"async\" width=\"1024\" height=\"687\" src=\"https:\/\/goworldcargo.com\/wp-content\/uploads\/2025\/12\/Thais-Headshot-1024x687.jpg\" alt=\"\" class=\"wp-image-5972\" title=\"\" srcset=\"https:\/\/goworldcargo.com\/wp-content\/uploads\/2025\/12\/Thais-Headshot-1024x687.jpg 1024w, https:\/\/goworldcargo.com\/wp-content\/uploads\/2025\/12\/Thais-Headshot-300x201.jpg 300w, https:\/\/goworldcargo.com\/wp-content\/uploads\/2025\/12\/Thais-Headshot-768x515.jpg 768w, https:\/\/goworldcargo.com\/wp-content\/uploads\/2025\/12\/Thais-Headshot-1536x1030.jpg 1536w, https:\/\/goworldcargo.com\/wp-content\/uploads\/2025\/12\/Thais-Headshot-2048x1374.jpg 2048w\" sizes=\"auto, (max-width: 1024px) 100vw, 1024px\" \/><\/figure>\n\n\n\n<div class=\"wp-block-group is-layout-flow wp-container-core-group-is-layout-a77db08e wp-block-group-is-layout-flow\">\n<p>Thais Soares<\/p>\n\n\n\n<p class=\"has-small-font-size\">Diretora de Opera\u00e7\u00f5es &#8211; Internacional<\/p>\n<\/div>\n\n\n\n<p class=\"has-small-font-size\">Thais faz com que a opera\u00e7\u00e3o brasileira funcione sem problemas. Ela navega habilmente pelo labirinto de tarifas, rotas e regulamentos globais. Ela \u00e9 sua especialista para resolver problemas complexos e responder a perguntas dif\u00edceis.  <\/p>\n<\/div>\n<\/div>\n\n\n\n<div class=\"wp-block-columns alignfull is-layout-flex wp-container-core-columns-is-layout-1da14fc4 wp-block-columns-is-layout-flex\" style=\"padding-top:0;padding-right:var(--wp--preset--spacing--20);padding-bottom:0;padding-left:var(--wp--preset--spacing--20)\">\n<div class=\"wp-block-column is-layout-flow wp-container-core-column-is-layout-22f5fd8e wp-block-column-is-layout-flow\">\n<figure class=\"wp-block-image size-large\"><img loading=\"lazy\" decoding=\"async\" width=\"1024\" height=\"687\" src=\"https:\/\/goworldcargo.com\/wp-content\/uploads\/2025\/12\/JC-Headshot-1024x687.jpg\" alt=\"\" class=\"wp-image-5971\" title=\"\" srcset=\"https:\/\/goworldcargo.com\/wp-content\/uploads\/2025\/12\/JC-Headshot-1024x687.jpg 1024w, https:\/\/goworldcargo.com\/wp-content\/uploads\/2025\/12\/JC-Headshot-300x201.jpg 300w, https:\/\/goworldcargo.com\/wp-content\/uploads\/2025\/12\/JC-Headshot-768x515.jpg 768w, https:\/\/goworldcargo.com\/wp-content\/uploads\/2025\/12\/JC-Headshot-1536x1030.jpg 1536w, https:\/\/goworldcargo.com\/wp-content\/uploads\/2025\/12\/JC-Headshot-2048x1374.jpg 2048w\" sizes=\"auto, (max-width: 1024px) 100vw, 1024px\" \/><\/figure>\n\n\n\n<div class=\"wp-block-group is-layout-flow wp-container-core-group-is-layout-a77db08e wp-block-group-is-layout-flow\">\n<p>Carlos Velazco<\/p>\n\n\n\n<p class=\"has-small-font-size\">Diretor de Opera\u00e7\u00f5es &#8211; Canad\u00e1<\/p>\n<\/div>\n\n\n\n<p class=\"has-small-font-size\">Carlos \u00e9 o c\u00e9rebro da opera\u00e7\u00e3o. Ele otimiza habilmente os cronogramas de remessa e navega pelos desafios da log\u00edstica global com facilidade. Sua experi\u00eancia garante que suas perguntas sejam sempre respondidas.  <\/p>\n<\/div>\n\n\n\n<div class=\"wp-block-column is-layout-flow wp-container-core-column-is-layout-22f5fd8e wp-block-column-is-layout-flow\">\n<figure class=\"wp-block-image size-large\"><img loading=\"lazy\" decoding=\"async\" width=\"1024\" height=\"687\" src=\"https:\/\/goworldcargo.com\/wp-content\/uploads\/2025\/12\/Ian-Headshot-1024x687.jpg\" alt=\"\" class=\"wp-image-5975\" title=\"\" srcset=\"https:\/\/goworldcargo.com\/wp-content\/uploads\/2025\/12\/Ian-Headshot-1024x687.jpg 1024w, https:\/\/goworldcargo.com\/wp-content\/uploads\/2025\/12\/Ian-Headshot-300x201.jpg 300w, https:\/\/goworldcargo.com\/wp-content\/uploads\/2025\/12\/Ian-Headshot-768x515.jpg 768w, https:\/\/goworldcargo.com\/wp-content\/uploads\/2025\/12\/Ian-Headshot-1536x1030.jpg 1536w, https:\/\/goworldcargo.com\/wp-content\/uploads\/2025\/12\/Ian-Headshot-2048x1374.jpg 2048w\" sizes=\"auto, (max-width: 1024px) 100vw, 1024px\" \/><\/figure>\n\n\n\n<div class=\"wp-block-group is-layout-flow wp-container-core-group-is-layout-a77db08e wp-block-group-is-layout-flow\">\n<p>Ian Humphries<\/p>\n\n\n\n<p class=\"has-small-font-size\">Diretor de Opera\u00e7\u00f5es &#8211; Canad\u00e1 Oriental<\/p>\n<\/div>\n\n\n\n<p class=\"has-small-font-size\">Ian \u00e9 a for\u00e7a motriz do Leste. Ele \u00e9 especializado no transporte de ve\u00edculos em todo o pa\u00eds e lida com maestria com o processo de exporta\u00e7\u00e3o. Sua experi\u00eancia mant\u00e9m sua carga em movimento atrav\u00e9s das fronteiras sem problemas.  <\/p>\n<\/div>\n<\/div>\n\n\n\n<div class=\"wp-block-columns alignfull is-layout-flex wp-container-core-columns-is-layout-1da14fc4 wp-block-columns-is-layout-flex\" style=\"padding-top:0;padding-right:var(--wp--preset--spacing--20);padding-bottom:0;padding-left:var(--wp--preset--spacing--20)\">\n<div class=\"wp-block-column is-layout-flow wp-container-core-column-is-layout-22f5fd8e wp-block-column-is-layout-flow\">\n<figure class=\"wp-block-image size-large\"><img loading=\"lazy\" decoding=\"async\" width=\"1024\" height=\"687\" src=\"https:\/\/goworldcargo.com\/wp-content\/uploads\/2025\/12\/Stephanie-Headshot-1024x687.jpg\" alt=\"\" class=\"wp-image-5976\" title=\"\" srcset=\"https:\/\/goworldcargo.com\/wp-content\/uploads\/2025\/12\/Stephanie-Headshot-1024x687.jpg 1024w, https:\/\/goworldcargo.com\/wp-content\/uploads\/2025\/12\/Stephanie-Headshot-300x201.jpg 300w, https:\/\/goworldcargo.com\/wp-content\/uploads\/2025\/12\/Stephanie-Headshot-768x515.jpg 768w, https:\/\/goworldcargo.com\/wp-content\/uploads\/2025\/12\/Stephanie-Headshot-1536x1030.jpg 1536w, https:\/\/goworldcargo.com\/wp-content\/uploads\/2025\/12\/Stephanie-Headshot-2048x1374.jpg 2048w\" sizes=\"auto, (max-width: 1024px) 100vw, 1024px\" \/><\/figure>\n\n\n\n<div class=\"wp-block-group is-layout-flow wp-container-core-group-is-layout-a77db08e wp-block-group-is-layout-flow\">\n<p>Stephanie Chorozy<\/p>\n\n\n\n<p class=\"has-small-font-size\">Coordenadora de Log\u00edstica<\/p>\n<\/div>\n\n\n\n<p class=\"has-small-font-size\">Stephanie ancora a equipe em Toronto. Ela lida com todos os tipos de remessa com facilidade e \u00e9 especializada em exporta\u00e7\u00f5es eficientes do gateway oriental. Com sua supervis\u00e3o, nenhuma remessa \u00e9 complexa demais para ser tratada.  <\/p>\n<\/div>\n\n\n\n<div class=\"wp-block-column is-layout-flow wp-container-core-column-is-layout-22f5fd8e wp-block-column-is-layout-flow\">\n<figure class=\"wp-block-image size-large\"><img loading=\"lazy\" decoding=\"async\" width=\"1024\" height=\"687\" src=\"https:\/\/goworldcargo.com\/wp-content\/uploads\/2025\/12\/Sean-Headshot-1024x687.jpg\" alt=\"\" class=\"wp-image-5973\" title=\"\" srcset=\"https:\/\/goworldcargo.com\/wp-content\/uploads\/2025\/12\/Sean-Headshot-1024x687.jpg 1024w, https:\/\/goworldcargo.com\/wp-content\/uploads\/2025\/12\/Sean-Headshot-300x201.jpg 300w, https:\/\/goworldcargo.com\/wp-content\/uploads\/2025\/12\/Sean-Headshot-768x515.jpg 768w, https:\/\/goworldcargo.com\/wp-content\/uploads\/2025\/12\/Sean-Headshot-1536x1030.jpg 1536w, https:\/\/goworldcargo.com\/wp-content\/uploads\/2025\/12\/Sean-Headshot-2048x1374.jpg 2048w\" sizes=\"auto, (max-width: 1024px) 100vw, 1024px\" \/><\/figure>\n\n\n\n<div class=\"wp-block-group is-layout-flow wp-container-core-group-is-layout-a77db08e wp-block-group-is-layout-flow\">\n<p>Sean Bryson<\/p>\n\n\n\n<p class=\"has-small-font-size\">Gerente de Opera\u00e7\u00f5es de Armaz\u00e9m<\/p>\n<\/div>\n\n\n\n<p class=\"has-small-font-size\">A maioria de nossas remessas come\u00e7a no armaz\u00e9m com Sean. Deixe com ele para manter seus produtos organizados e seguros. Como especialista em embalagens, Sean tamb\u00e9m garante que sua remessa esteja pronta para sua jornada.  <\/p>\n<\/div>\n<\/div>\n<\/div>\n<\/div>\n<\/div>\n","protected":false},"excerpt":{"rendered":"<p>Nosso setor Agenciamento de carga \u00e9 o termo do setor para o que fazemos na World Cargo. Como agentes de carga experientes, atuamos como agentes de transporte para nossos clientes e organizamos o transporte de seus produtos. Nossa grande rede de transportadoras nos fornece um conjunto diversificado de servi\u00e7os e acesso a qualquer destino. A [&hellip;]<\/p>\n","protected":false},"author":1,"featured_media":5967,"parent":0,"menu_order":0,"comment_status":"closed","ping_status":"closed","template":"page-no-title","meta":{"footnotes":""},"class_list":["post-6392","page","type-page","status-publish","has-post-thumbnail","hentry"],"_links":{"self":[{"href":"https:\/\/goworldcargo.com\/pt-br\/wp-json\/wp\/v2\/pages\/6392","targetHints":{"allow":["GET"]}}],"collection":[{"href":"https:\/\/goworldcargo.com\/pt-br\/wp-json\/wp\/v2\/pages"}],"about":[{"href":"https:\/\/goworldcargo.com\/pt-br\/wp-json\/wp\/v2\/types\/page"}],"author":[{"embeddable":true,"href":"https:\/\/goworldcargo.com\/pt-br\/wp-json\/wp\/v2\/users\/1"}],"replies":[{"embeddable":true,"href":"https:\/\/goworldcargo.com\/pt-br\/wp-json\/wp\/v2\/comments?post=6392"}],"version-history":[{"count":0,"href":"https:\/\/goworldcargo.com\/pt-br\/wp-json\/wp\/v2\/pages\/6392\/revisions"}],"wp:featuredmedia":[{"embeddable":true,"href":"https:\/\/goworldcargo.com\/pt-br\/wp-json\/wp\/v2\/media\/5967"}],"wp:attachment":[{"href":"https:\/\/goworldcargo.com\/pt-br\/wp-json\/wp\/v2\/media?parent=6392"}],"curies":[{"name":"wp","href":"https:\/\/api.w.org\/{rel}","templated":true}]}}