{"id":5920,"date":"2025-03-03T23:01:01","date_gmt":"2025-03-03T23:01:01","guid":{"rendered":"https:\/\/goworldcargo.com\/transporte-de-carga-fracionada\/"},"modified":"2026-01-20T20:19:58","modified_gmt":"2026-01-20T20:19:58","slug":"transporte-de-carga-fracionada","status":"publish","type":"page","link":"https:\/\/goworldcargo.com\/pt-br\/servicos\/transporte-de-carga-fracionada\/","title":{"rendered":"Transporte de Carga Fracionada"},"content":{"rendered":"\n<div class=\"wp-block-cover alignfull\" style=\"margin-top:0;margin-bottom:0;padding-top:0;padding-right:var(--wp--preset--spacing--40);padding-bottom:0;padding-left:var(--wp--preset--spacing--40);min-height:40vh;aspect-ratio:unset;\"><span aria-hidden=\"true\" class=\"wp-block-cover__background has-background-dim\" style=\"background-color:#76736b\"><\/span><img loading=\"lazy\" decoding=\"async\" width=\"2560\" height=\"1707\" src=\"https:\/\/goworldcargo.com\/wp-content\/uploads\/2025\/03\/Bulk-Break-Shipping-Feature-scaled.jpg\" class=\"wp-block-cover__image-background wp-post-image\" alt=\"\" data-object-fit=\"cover\" data-object-position=\"51% 71%\" style=\"object-position:51% 71%;\" srcset=\"https:\/\/goworldcargo.com\/wp-content\/uploads\/2025\/03\/Bulk-Break-Shipping-Feature-scaled.jpg 2560w, https:\/\/goworldcargo.com\/wp-content\/uploads\/2025\/03\/Bulk-Break-Shipping-Feature-300x200.jpg 300w, https:\/\/goworldcargo.com\/wp-content\/uploads\/2025\/03\/Bulk-Break-Shipping-Feature-1024x683.jpg 1024w, https:\/\/goworldcargo.com\/wp-content\/uploads\/2025\/03\/Bulk-Break-Shipping-Feature-768x512.jpg 768w, https:\/\/goworldcargo.com\/wp-content\/uploads\/2025\/03\/Bulk-Break-Shipping-Feature-1536x1024.jpg 1536w, https:\/\/goworldcargo.com\/wp-content\/uploads\/2025\/03\/Bulk-Break-Shipping-Feature-2048x1365.jpg 2048w\" sizes=\"auto, (max-width: 2560px) 100vw, 2560px\" title=\"\"><div class=\"wp-block-cover__inner-container has-global-padding is-layout-constrained wp-container-core-cover-is-layout-c75e7cd3 wp-block-cover-is-layout-constrained\">\n<div class=\"wp-block-group alignwide is-content-justification-space-between is-nowrap is-layout-flex wp-container-core-group-is-layout-cb46ffcb wp-block-group-is-layout-flex\">\n<h1 class=\"wp-block-heading alignfull has-base-2-color has-text-color has-link-color wp-elements-13f905b33b686fba3864419f017e868e\" style=\"font-size:clamp(1.743rem, 1.743rem + ((1vw - 0.2rem) * 2.095), 3rem);\">Transporte de Carga Fracionada<\/h1>\n\n\n\n<div class=\"wp-block-group is-content-justification-right is-layout-flex wp-container-core-group-is-layout-362c6537 wp-block-group-is-layout-flex\">\n<p class=\"has-base-2-color has-text-color has-link-color wp-elements-281c32923cc753c55ca2293ce66f8872\" style=\"font-size:clamp(0.875em, 0.875rem + ((1vw - 0.2em) * 0.542), 1.2em);\">In\u00edcio<\/p>\n\n\n\n<p class=\"has-base-2-color has-text-color has-link-color wp-elements-462c818bb0bd79c9a3c2e04b65f489ba\" style=\"font-size:clamp(0.875em, 0.875rem + ((1vw - 0.2em) * 0.542), 1.2em);\">\/<\/p>\n\n\n\n<p class=\"has-base-2-color has-text-color has-link-color wp-elements-228348bd07b07849d82a352c306288f2\" style=\"font-size:clamp(0.875em, 0.875rem + ((1vw - 0.2em) * 0.542), 1.2em);\">Servi\u00e7os<\/p>\n\n\n\n<p class=\"has-base-2-color has-text-color has-link-color wp-elements-462c818bb0bd79c9a3c2e04b65f489ba\" style=\"font-size:clamp(0.875em, 0.875rem + ((1vw - 0.2em) * 0.542), 1.2em);\">\/<\/p>\n\n\n\n<p class=\"has-base-2-color has-text-color has-link-color wp-elements-a5366aa6a99a41dab9595677162e2c89\" style=\"font-size:clamp(0.875em, 0.875rem + ((1vw - 0.2em) * 0.542), 1.2em);font-style:normal;font-weight:400\">Transporte de Carga a Granel Fracionada<\/p>\n<\/div>\n<\/div>\n<\/div><\/div>\n\n<div class=\"wp-block-group alignfull has-background has-global-padding is-layout-constrained wp-container-core-group-is-layout-472f8048 wp-block-group-is-layout-constrained\" style=\"background-color:#efefef;margin-top:0;margin-bottom:0;padding-top:4rem;padding-right:2rem;padding-bottom:4rem;padding-left:2rem\">\n<div class=\"wp-block-group alignwide is-layout-flow wp-container-core-group-is-layout-5c6e0bf9 wp-block-group-is-layout-flow\" style=\"padding-top:0;padding-right:0;padding-bottom:0;padding-left:0\">\n<h2 class=\"wp-block-heading alignfull has-text-align-center is-style-default\" style=\"margin-bottom:1.5rem\">Confie na World Cargo para um Transporte de Carga Fracionada Perfeito<\/h2>\n\n\n\n<p class=\"has-text-align-center no-padding no-margin\">O transporte de carga fracionada \u00e9 essencial para transportar cargas superdimensionadas, pesadas ou de formato irregular que n\u00e3o podem ser contentorizadas. Na World Cargo, somos especializados no manuseio e transporte de cargas fracionadas, incluindo m\u00e1quinas, ve\u00edculos, materiais de constru\u00e7\u00e3o e equipamentos industriais. Nossa experi\u00eancia garante que sua carga seja cuidadosamente carregada, protegida e transportada usando guindastes especializados, flat racks ou m\u00e9todos lift-on\/lift-off (LoLo). Com um compromisso com a efici\u00eancia e a confiabilidade, navegamos por requisitos complexos de log\u00edstica e alf\u00e2ndega, garantindo que sua remessa chegue com seguran\u00e7a e no prazo. Envie sua carga com a World Cargo.    <\/p>\n\n\n\n<div class=\"wp-block-buttons is-content-justification-center is-layout-flex wp-container-core-buttons-is-layout-d593a29d wp-block-buttons-is-layout-flex\" style=\"margin-top:1.5rem;margin-bottom:0\">\n<div class=\"wp-block-button has-custom-width wp-block-button__width-100 is-style-fill smoothScroll bt-solid-blue\" style=\"font-style:normal;font-weight:400\"><a class=\"wp-block-button__link has-base-2-color has-custom-color-1-background-color has-text-color has-background has-link-color wp-element-button\" href=\"https:\/\/goworldcargo.com\/pt-br\/contact-us\/\">Solicitar or\u00e7amento<\/a><\/div>\n<\/div>\n<\/div>\n<\/div>\n\n<div class=\"wp-block-group alignfull has-global-padding is-layout-constrained wp-container-core-group-is-layout-4ff1ac72 wp-block-group-is-layout-constrained\" style=\"margin-top:0;margin-bottom:0;padding-top:4rem;padding-right:2rem;padding-bottom:4rem;padding-left:2rem\">\n<div class=\"wp-block-group alignwide only-desktop is-layout-flow wp-container-core-group-is-layout-19eabfb7 wp-block-group-is-layout-flow\">\n<div class=\"wp-block-columns is-layout-flex wp-container-core-columns-is-layout-87beb0d0 wp-block-columns-is-layout-flex\">\n<div class=\"wp-block-column is-layout-flow wp-container-core-column-is-layout-96530188 wp-block-column-is-layout-flow\">\n<h2 class=\"wp-block-heading has-custom-primary-color has-text-color has-link-color wp-elements-2b074d1b74541a585651e4a9708c43f1\" style=\"font-size:clamp(0.984em, 0.984rem + ((1vw - 0.2em) * 0.86), 1.5em);\">Transporte em Flat Rack e Plataforma Aberta<\/h2>\n\n\n\n<p>Transporte seguro para cargas superdimensionadas e pesadas que n\u00e3o cabem em cont\u00eaineres padr\u00e3o. A World Cargo utiliza flat racks e solu\u00e7\u00f5es de plataforma aberta para manusear com seguran\u00e7a cargas de formato irregular, garantindo a prote\u00e7\u00e3o adequada e o transporte eficiente de grandes m\u00e1quinas, equipamentos industriais e outras cargas fracionadas. <\/p>\n<\/div>\n\n\n\n<div class=\"wp-block-column is-layout-flow wp-container-core-column-is-layout-96530188 wp-block-column-is-layout-flow\">\n<h2 class=\"wp-block-heading has-custom-primary-color has-text-color has-link-color wp-elements-e67e12f314949bb07f1a854c4d368887\" style=\"font-size:clamp(0.984em, 0.984rem + ((1vw - 0.2em) * 0.86), 1.5em);\">Servi\u00e7os Lift-On\/Lift-Off (LoLo)<\/h2>\n\n\n\n<p>Manuseio preciso de carga usando guindastes e equipamentos de eleva\u00e7\u00e3o especializados para remessas pesadas e superdimensionadas. A World Cargo oferece servi\u00e7os LoLo para carregar e descarregar com seguran\u00e7a cargas fracionadas, incluindo m\u00e1quinas, a\u00e7o e materiais de constru\u00e7\u00e3o, garantindo manuseio controlado e estiva segura. <\/p>\n<\/div>\n\n\n\n<div class=\"wp-block-column is-layout-flow wp-container-core-column-is-layout-96530188 wp-block-column-is-layout-flow\">\n<h2 class=\"wp-block-heading has-custom-primary-color has-text-color has-link-color wp-elements-0f6ae1c51ebdc66067ac8218a30df5e1\" style=\"font-size:clamp(0.984em, 0.984rem + ((1vw - 0.2em) * 0.86), 1.5em);\">Servi\u00e7os Roll-On\/Roll-Off (RoRo)<\/h2>\n\n\n\n<p>Transporte RoRo eficiente para cargas com rodas e autopropelidas, como caminh\u00f5es, equipamentos pesados e ve\u00edculos industriais. A World Cargo oferece servi\u00e7os RoRo perfeitos, permitindo que a carga seja conduzida para dentro da embarca\u00e7\u00e3o, minimizando o manuseio e garantindo uma solu\u00e7\u00e3o de transporte suave e econ\u00f4mica. <\/p>\n<\/div>\n<\/div>\n<\/div>\n\n\n\n<div class=\"wp-block-group alignwide only-mobile is-layout-flow wp-container-core-group-is-layout-19eabfb7 wp-block-group-is-layout-flow\">\n<div class=\"wp-block-group is-layout-flow wp-block-group-is-layout-flow\">\n<h2 class=\"wp-block-heading has-custom-primary-color has-text-color has-link-color wp-elements-2b074d1b74541a585651e4a9708c43f1\" style=\"font-size:clamp(0.984em, 0.984rem + ((1vw - 0.2em) * 0.86), 1.5em);\">Transporte em Flat Rack e Plataforma Aberta<\/h2>\n\n\n\n<p>Transporte seguro para cargas superdimensionadas e pesadas que n\u00e3o cabem em cont\u00eaineres padr\u00e3o. A World Cargo utiliza flat racks e solu\u00e7\u00f5es de plataforma aberta para manusear com seguran\u00e7a cargas de formato irregular, garantindo a prote\u00e7\u00e3o adequada e o transporte eficiente de grandes m\u00e1quinas, equipamentos industriais e outras cargas fracionadas. <\/p>\n<\/div>\n\n\n\n<div class=\"wp-block-group is-layout-flow wp-block-group-is-layout-flow\">\n<h2 class=\"wp-block-heading has-custom-primary-color has-text-color has-link-color wp-elements-e67e12f314949bb07f1a854c4d368887\" style=\"font-size:clamp(0.984em, 0.984rem + ((1vw - 0.2em) * 0.86), 1.5em);\">Servi\u00e7os Lift-On\/Lift-Off (LoLo)<\/h2>\n\n\n\n<p>Manuseio preciso de carga usando guindastes e equipamentos de eleva\u00e7\u00e3o especializados para remessas pesadas e superdimensionadas. A World Cargo oferece servi\u00e7os LoLo para carregar e descarregar com seguran\u00e7a cargas fracionadas, incluindo m\u00e1quinas, a\u00e7o e materiais de constru\u00e7\u00e3o, garantindo manuseio controlado e estiva segura. <\/p>\n<\/div>\n\n\n\n<div class=\"wp-block-group is-layout-flow wp-block-group-is-layout-flow\">\n<h2 class=\"wp-block-heading has-custom-primary-color has-text-color has-link-color wp-elements-0f6ae1c51ebdc66067ac8218a30df5e1\" style=\"font-size:clamp(0.984em, 0.984rem + ((1vw - 0.2em) * 0.86), 1.5em);\">Servi\u00e7os Roll-On\/Roll-Off (RoRo)<\/h2>\n\n\n\n<p>Transporte RoRo eficiente para cargas com rodas e autopropelidas, como caminh\u00f5es, equipamentos pesados e ve\u00edculos industriais. A World Cargo oferece servi\u00e7os RoRo perfeitos, permitindo que a carga seja conduzida para dentro da embarca\u00e7\u00e3o, minimizando o manuseio e garantindo uma solu\u00e7\u00e3o de transporte suave e econ\u00f4mica. <\/p>\n<\/div>\n<\/div>\n<\/div>\n\n<div class=\"wp-block-group alignfull has-background has-global-padding is-layout-constrained wp-container-core-group-is-layout-472f8048 wp-block-group-is-layout-constrained\" style=\"background-color:#efefef;margin-top:0;margin-bottom:0;padding-top:4rem;padding-right:2rem;padding-bottom:4rem;padding-left:2rem\">\n<div class=\"wp-block-group alignwide is-layout-flow wp-container-core-group-is-layout-5c6e0bf9 wp-block-group-is-layout-flow\" style=\"padding-top:0;padding-right:0;padding-bottom:0;padding-left:0\">\n<div class=\"wp-block-columns is-layout-flex wp-container-core-columns-is-layout-87beb0d0 wp-block-columns-is-layout-flex\">\n<div class=\"wp-block-column is-layout-flow wp-container-core-column-is-layout-96530188 wp-block-column-is-layout-flow\">\n<figure class=\"wp-block-image size-large\"><img loading=\"lazy\" decoding=\"async\" width=\"1024\" height=\"683\" src=\"https:\/\/goworldcargo.com\/wp-content\/uploads\/2025\/03\/Bulk-Break-Pipe-1024x683.jpg\" alt=\"\" class=\"wp-image-5639\" style=\"aspect-ratio:3\/2;object-fit:cover\" title=\"\" srcset=\"https:\/\/goworldcargo.com\/wp-content\/uploads\/2025\/03\/Bulk-Break-Pipe-1024x683.jpg 1024w, https:\/\/goworldcargo.com\/wp-content\/uploads\/2025\/03\/Bulk-Break-Pipe-300x200.jpg 300w, https:\/\/goworldcargo.com\/wp-content\/uploads\/2025\/03\/Bulk-Break-Pipe-768x512.jpg 768w, https:\/\/goworldcargo.com\/wp-content\/uploads\/2025\/03\/Bulk-Break-Pipe-1536x1024.jpg 1536w, https:\/\/goworldcargo.com\/wp-content\/uploads\/2025\/03\/Bulk-Break-Pipe.jpg 1645w\" sizes=\"auto, (max-width: 1024px) 100vw, 1024px\" \/><\/figure>\n\n\n\n<div class=\"wp-block-group has-global-padding is-layout-constrained wp-block-group-is-layout-constrained\">\n<h2 class=\"wp-block-heading has-custom-primary-color has-text-color has-link-color wp-elements-e68ee44bcfa2d4e2f97710eb20e596e1\" style=\"font-size:clamp(0.984em, 0.984rem + ((1vw - 0.2em) * 0.86), 1.5em);\">Por que nos escolher?<\/h2>\n\n\n\n<ul class=\"wp-block-list\">\n<li><strong>Manuseio especializado<\/strong> \u2013 Experi\u00eancia em cargas superdimensionadas e pesadas.<\/li>\n\n\n\n<li><strong>Rede global<\/strong> \u2013 Fortes parcerias com portos e transportadoras em todo o mundo.<\/li>\n\n\n\n<li><strong>Seguro e protegido<\/strong> \u2013 Carregamento, prote\u00e7\u00e3o e monitoramento adequados da carga.<\/li>\n\n\n\n<li><strong>Experi\u00eancia no setor<\/strong> \u2013 Anos de experi\u00eancia no manuseio de remessas de carga fracionada.<\/li>\n<\/ul>\n<\/div>\n<\/div>\n\n\n\n<div class=\"wp-block-column is-layout-flow wp-container-core-column-is-layout-96530188 wp-block-column-is-layout-flow\">\n<div class=\"wp-block-group has-global-padding is-layout-constrained wp-block-group-is-layout-constrained\">\n<h2 class=\"wp-block-heading has-custom-primary-color has-text-color has-link-color wp-elements-ebd301cab17faef56b3a60c73edfd3ec\" style=\"font-size:clamp(0.984em, 0.984rem + ((1vw - 0.2em) * 0.86), 1.5em);\">Setores atendidos<\/h2>\n\n\n\n<ul class=\"wp-block-list\">\n<li><strong>Constru\u00e7\u00e3o e infraestrutura<\/strong> (vigas de a\u00e7o, tubos, concreto pr\u00e9-moldado)<\/li>\n\n\n\n<li><strong>Energia<\/strong> (turbinas e\u00f3licas, transformadores, equipamentos de perfura\u00e7\u00e3o)<\/li>\n\n\n\n<li><strong>Automotivo e m\u00e1quinas pesadas<\/strong> (tratores, guindastes, locomotivas)<\/li>\n\n\n\n<li><strong>Manufatura e bens industriais<\/strong> (m\u00e1quinas superdimensionadas, turbinas)<\/li>\n<\/ul>\n<\/div>\n\n\n\n<figure class=\"wp-block-image size-large\"><img loading=\"lazy\" decoding=\"async\" width=\"1024\" height=\"682\" src=\"https:\/\/goworldcargo.com\/wp-content\/uploads\/2025\/03\/Bulk-Break-Coal-1024x682.jpg\" alt=\"\" class=\"wp-image-5640\" style=\"aspect-ratio:3\/2;object-fit:cover\" title=\"\" srcset=\"https:\/\/goworldcargo.com\/wp-content\/uploads\/2025\/03\/Bulk-Break-Coal-1024x682.jpg 1024w, https:\/\/goworldcargo.com\/wp-content\/uploads\/2025\/03\/Bulk-Break-Coal-300x200.jpg 300w, https:\/\/goworldcargo.com\/wp-content\/uploads\/2025\/03\/Bulk-Break-Coal-768x512.jpg 768w, https:\/\/goworldcargo.com\/wp-content\/uploads\/2025\/03\/Bulk-Break-Coal-1536x1024.jpg 1536w, https:\/\/goworldcargo.com\/wp-content\/uploads\/2025\/03\/Bulk-Break-Coal.jpg 1688w\" sizes=\"auto, (max-width: 1024px) 100vw, 1024px\" \/><\/figure>\n<\/div>\n<\/div>\n<\/div>\n<\/div>\n\n<div class=\"wp-block-group alignfull has-custom-primary-background-color has-background has-global-padding is-layout-constrained wp-container-core-group-is-layout-a520695c wp-block-group-is-layout-constrained\" style=\"margin-top:0;margin-bottom:0;padding-top:2rem;padding-right:2rem;padding-bottom:2rem;padding-left:2rem\">\n<div class=\"wp-block-group alignwide only-desktop is-layout-flow wp-block-group-is-layout-flow\">\n<div class=\"wp-block-columns alignwide are-vertically-aligned-center is-layout-flex wp-container-core-columns-is-layout-bae2ebf5 wp-block-columns-is-layout-flex\" style=\"margin-top:0;margin-bottom:0;padding-top:0;padding-right:0;padding-bottom:0;padding-left:0\">\n<div class=\"wp-block-column is-vertically-aligned-center is-layout-flow wp-block-column-is-layout-flow\" style=\"flex-basis:60%\">\n<h3 class=\"wp-block-heading alignfull has-text-align-left has-base-2-color has-text-color has-link-color wp-elements-3edf1e7a6515b33ecd3d081fa3fc76c4\">Fale com nossos especialistas em transporte hoje<\/h3>\n<\/div>\n\n\n\n<div class=\"wp-block-column is-vertically-aligned-center is-layout-flow wp-block-column-is-layout-flow\" style=\"flex-basis:40%\">\n<div class=\"wp-block-buttons wp-container-content-9cfa9a5a is-horizontal is-content-justification-center is-nowrap is-layout-flex wp-container-core-buttons-is-layout-3db4d373 wp-block-buttons-is-layout-flex\">\n<div class=\"wp-block-button has-custom-width wp-block-button__width-100 is-style-fill bt-solid-white\" style=\"font-style:normal;font-weight:600\"><a class=\"wp-block-button__link has-custom-primary-color has-base-2-background-color has-text-color has-background has-link-color wp-element-button\" href=\"https:\/\/goworldcargo.com\/pt-br\/contact-us\/\" style=\"padding-top:var(--wp--preset--spacing--10);padding-bottom:var(--wp--preset--spacing--10)\">Obtenha uma cota\u00e7\u00e3o de carga fracionada<\/a><\/div>\n<\/div>\n<\/div>\n<\/div>\n<\/div>\n\n\n\n<div class=\"wp-block-group only-mobile is-layout-flow wp-container-core-group-is-layout-9a40c92b wp-block-group-is-layout-flow\" style=\"margin-top:0;margin-bottom:0;padding-top:0;padding-right:0;padding-bottom:0;padding-left:0\">\n<h3 class=\"wp-block-heading alignfull has-text-align-center has-base-2-color has-text-color has-link-color wp-elements-e1b4dd28038b9efdc47415bee4d93bdd\">Fale com nossos especialistas em transporte hoje<\/h3>\n\n\n\n<div class=\"wp-block-buttons wp-container-content-9cfa9a5a is-horizontal is-content-justification-center is-nowrap is-layout-flex wp-container-core-buttons-is-layout-3db4d373 wp-block-buttons-is-layout-flex\">\n<div class=\"wp-block-button has-custom-width wp-block-button__width-100 is-style-fill\" style=\"font-style:normal;font-weight:600\"><a class=\"wp-block-button__link has-custom-primary-color has-base-2-background-color has-text-color has-background has-link-color wp-element-button\" href=\"https:\/\/goworldcargo.com\/pt-br\/contact-us\/\" style=\"padding-top:var(--wp--preset--spacing--10);padding-bottom:var(--wp--preset--spacing--10)\">Obtenha uma cota\u00e7\u00e3o de transporte de carga fracionada<\/a><\/div>\n<\/div>\n<\/div>\n<\/div>\n\n<div class=\"wp-block-group alignfull formDiv has-base-background-color has-background has-global-padding is-layout-constrained wp-container-core-group-is-layout-4fc320c4 wp-block-group-is-layout-constrained\" id=\"destinationQuoteRequest\" style=\"margin-top:0;margin-bottom:0;padding-top:4rem;padding-right:2rem;padding-bottom:4rem;padding-left:2rem\">\n<div class=\"wp-block-group alignwide is-layout-flow wp-container-core-group-is-layout-bf82bb19 wp-block-group-is-layout-flow\" style=\"margin-top:0;margin-bottom:0;padding-top:0;padding-right:0;padding-bottom:0;padding-left:0\">\n<h2 class=\"wp-block-heading has-text-align-center has-large-font-size\" style=\"margin-bottom:1.5rem;font-style:normal;font-weight:200\">Solicite uma cota\u00e7\u00e3o gratuita hoje<\/h2>\n\n\n\n<p class=\"has-text-align-center only-desktop has-medium-font-size\">Facilite o transporte, preencha o formul\u00e1rio abaixo com todas as informa\u00e7\u00f5es necess\u00e1rias sobre sua remessa. Nossa equipe de especialistas encontrar\u00e1 a melhor op\u00e7\u00e3o para voc\u00ea. Inicie o processo de envio de seus produtos, enviando uma consulta de cota\u00e7\u00e3o.  <\/p>\n\n\n\n<div class=\"wp-block-group alignwide has-background is-layout-flow wp-block-group-is-layout-flow\" style=\"border-radius:1em;background-color:#0075c933;padding-top:var(--wp--preset--spacing--20);padding-right:var(--wp--preset--spacing--40);padding-bottom:var(--wp--preset--spacing--20);padding-left:var(--wp--preset--spacing--40)\">\n<div class=\"wp-block-contact-form-7-contact-form-selector\"><p class=\"wpcf7-contact-form-not-found\"><strong>Erro:<\/strong> Formul\u00e1rio de contato n\u00e3o encontrado.<\/p><\/div>\n\n\n\n<div class=\"wp-block-group alignwide ty-msg is-layout-flow wp-container-core-group-is-layout-9feae659 wp-block-group-is-layout-flow\" style=\"padding-top:var(--wp--preset--spacing--40);padding-right:var(--wp--preset--spacing--40);padding-bottom:var(--wp--preset--spacing--40);padding-left:var(--wp--preset--spacing--40)\">\n<div class=\"wp-block-group ty-msg-content has-global-padding is-layout-constrained wp-block-group-is-layout-constrained\">\n<figure class=\"wp-block-image aligncenter size-full is-resized\"><img loading=\"lazy\" decoding=\"async\" width=\"500\" height=\"500\" src=\"https:\/\/goworldcargo.com\/wp-content\/uploads\/2024\/06\/Checkmark-Icon.png\" alt=\"\" class=\"wp-image-3605\" style=\"width:150px\" title=\"\" srcset=\"https:\/\/goworldcargo.com\/wp-content\/uploads\/2024\/06\/Checkmark-Icon.png 500w, https:\/\/goworldcargo.com\/wp-content\/uploads\/2024\/06\/Checkmark-Icon-300x300.png 300w, https:\/\/goworldcargo.com\/wp-content\/uploads\/2024\/06\/Checkmark-Icon-150x150.png 150w\" sizes=\"auto, (max-width: 500px) 100vw, 500px\" \/><\/figure>\n\n\n\n<div class=\"wp-block-group has-global-padding is-layout-constrained wp-container-core-group-is-layout-c9133493 wp-block-group-is-layout-constrained\">\n<h1 class=\"wp-block-heading has-text-align-center\">Obrigado!<\/h1>\n\n\n\n<p class=\"has-text-align-center\">Nossa equipe recebeu suas informa\u00e7\u00f5es e entraremos em contato em breve por e-mail.<\/p>\n<\/div>\n<\/div>\n<\/div>\n<\/div>\n<\/div>\n<\/div>\n\n<div class=\"wp-block-group alignfull has-background has-global-padding is-layout-constrained wp-container-core-group-is-layout-21ce7433 wp-block-group-is-layout-constrained\" style=\"background-color:#efefef;margin-top:0;margin-bottom:0;padding-top:4rem;padding-right:2rem;padding-bottom:4rem;padding-left:2rem\">\n<div class=\"wp-block-group alignwide is-layout-flow wp-container-core-group-is-layout-9a40c92b wp-block-group-is-layout-flow\" style=\"margin-top:0;margin-bottom:0;padding-top:0;padding-right:0;padding-bottom:0;padding-left:0\">\n<h3 class=\"wp-block-heading has-text-align-center\" style=\"margin-bottom:1.5rem\">A World Cargo simplifica o transporte de carga fracionada<\/h3>\n\n\n\n<div class=\"wp-block-group is-layout-flow wp-container-core-group-is-layout-4ae52862 wp-block-group-is-layout-flow\" style=\"margin-top:0;margin-bottom:0;padding-top:0;padding-right:0;padding-bottom:0;padding-left:0\">\n<p>Existem muitas maneiras diferentes de enviar seus produtos, tornando crucial trabalhar com um agente de carga experiente que entenda seus itens e os melhores m\u00e9todos para lev\u00e1-los ao seu destino. Escolher um parceiro de transporte internacional experiente como a World Cargo garante que seus produtos sejam movimentados de forma profissional e eficiente, proporcionando tranquilidade. Com nossa experi\u00eancia, servi\u00e7os abrangentes e compromisso com a satisfa\u00e7\u00e3o do cliente, a World Cargo \u00e9 a escolha ideal para todas as suas necessidades de transporte. Explore nossos destinos de envio:<\/p>\n\n\n\n<div data-wp-context=\"{}\" data-wp-interactive=\"core\/query\" data-wp-key=\"23\" data-wp-router-region=\"query-23\" class=\"wp-block-query alignwide is-layout-flow wp-block-query-is-layout-flow\">\n<div class=\"wp-block-group has-global-padding is-layout-constrained wp-container-core-group-is-layout-72d38984 wp-block-group-is-layout-constrained\" style=\"margin-top:0;margin-bottom:0;padding-top:0;padding-right:0;padding-bottom:0;padding-left:0\">\n\n<\/div>\n<\/div>\n<\/div>\n<\/div>\n<\/div>\n","protected":false},"excerpt":{"rendered":"<p>Confie na World Cargo para um Transporte de Carga Fracionada Perfeito O transporte de carga fracionada \u00e9 essencial para transportar cargas superdimensionadas, pesadas ou de formato irregular que n\u00e3o podem ser contentorizadas. Na World Cargo, somos especializados no manuseio e transporte de cargas fracionadas, incluindo m\u00e1quinas, ve\u00edculos, materiais de constru\u00e7\u00e3o e equipamentos industriais. Nossa experi\u00eancia [&hellip;]<\/p>\n","protected":false},"author":1,"featured_media":5921,"parent":5963,"menu_order":0,"comment_status":"closed","ping_status":"closed","template":"page-no-title","meta":{"footnotes":""},"class_list":["post-5920","page","type-page","status-publish","has-post-thumbnail","hentry"],"_links":{"self":[{"href":"https:\/\/goworldcargo.com\/pt-br\/wp-json\/wp\/v2\/pages\/5920","targetHints":{"allow":["GET"]}}],"collection":[{"href":"https:\/\/goworldcargo.com\/pt-br\/wp-json\/wp\/v2\/pages"}],"about":[{"href":"https:\/\/goworldcargo.com\/pt-br\/wp-json\/wp\/v2\/types\/page"}],"author":[{"embeddable":true,"href":"https:\/\/goworldcargo.com\/pt-br\/wp-json\/wp\/v2\/users\/1"}],"replies":[{"embeddable":true,"href":"https:\/\/goworldcargo.com\/pt-br\/wp-json\/wp\/v2\/comments?post=5920"}],"version-history":[{"count":0,"href":"https:\/\/goworldcargo.com\/pt-br\/wp-json\/wp\/v2\/pages\/5920\/revisions"}],"up":[{"embeddable":true,"href":"https:\/\/goworldcargo.com\/pt-br\/wp-json\/wp\/v2\/pages\/5963"}],"wp:featuredmedia":[{"embeddable":true,"href":"https:\/\/goworldcargo.com\/pt-br\/wp-json\/wp\/v2\/media\/5921"}],"wp:attachment":[{"href":"https:\/\/goworldcargo.com\/pt-br\/wp-json\/wp\/v2\/media?parent=5920"}],"curies":[{"name":"wp","href":"https:\/\/api.w.org\/{rel}","templated":true}]}}