{"id":6398,"date":"2024-06-05T21:53:04","date_gmt":"2024-06-05T21:53:04","guid":{"rendered":"https:\/\/goworldcargo.com\/a-propos-de-nous\/"},"modified":"2026-01-14T19:55:23","modified_gmt":"2026-01-14T19:55:23","slug":"a-propos-de-nous","status":"publish","type":"page","link":"https:\/\/goworldcargo.com\/fr\/a-propos-de-nous\/","title":{"rendered":"\u00c0 propos de nous"},"content":{"rendered":"\n<div class=\"wp-block-cover alignfull\" style=\"margin-top:0;margin-bottom:0;padding-top:0;padding-right:var(--wp--preset--spacing--40);padding-bottom:0;padding-left:var(--wp--preset--spacing--40);min-height:40vh;aspect-ratio:unset;\"><img loading=\"lazy\" decoding=\"async\" width=\"2560\" height=\"1146\" class=\"wp-block-cover__image-background wp-image-3640\" alt=\"\" src=\"https:\/\/goworldcargo.com\/wp-content\/uploads\/2024\/07\/World-Cargo-Front-Office-scaled.jpg\" style=\"object-position:50% 75%\" data-object-fit=\"cover\" data-object-position=\"50% 75%\" title=\"\" srcset=\"https:\/\/goworldcargo.com\/wp-content\/uploads\/2024\/07\/World-Cargo-Front-Office-scaled.jpg 2560w, https:\/\/goworldcargo.com\/wp-content\/uploads\/2024\/07\/World-Cargo-Front-Office-300x134.jpg 300w, https:\/\/goworldcargo.com\/wp-content\/uploads\/2024\/07\/World-Cargo-Front-Office-1024x458.jpg 1024w, https:\/\/goworldcargo.com\/wp-content\/uploads\/2024\/07\/World-Cargo-Front-Office-768x344.jpg 768w, https:\/\/goworldcargo.com\/wp-content\/uploads\/2024\/07\/World-Cargo-Front-Office-1536x688.jpg 1536w, https:\/\/goworldcargo.com\/wp-content\/uploads\/2024\/07\/World-Cargo-Front-Office-2048x917.jpg 2048w\" sizes=\"auto, (max-width: 2560px) 100vw, 2560px\" \/><span aria-hidden=\"true\" class=\"wp-block-cover__background has-background-dim-20 has-background-dim\" style=\"background-color:#415f74\"><\/span><div class=\"wp-block-cover__inner-container has-global-padding is-layout-constrained wp-container-core-cover-is-layout-c75e7cd3 wp-block-cover-is-layout-constrained\">\n<div class=\"wp-block-group alignwide is-content-justification-space-between is-nowrap is-layout-flex wp-container-core-group-is-layout-cb46ffcb wp-block-group-is-layout-flex\">\n<h1 class=\"wp-block-heading alignfull has-base-2-color has-text-color has-link-color wp-elements-c96eb0dd1ccccf90d70d914c619d740c\" style=\"font-size:clamp(1.743rem, 1.743rem + ((1vw - 0.2rem) * 2.095), 3rem);\">\u00c0 propos de nous<\/h1>\n\n\n\n<div class=\"wp-block-group is-content-justification-right is-layout-flex wp-container-core-group-is-layout-362c6537 wp-block-group-is-layout-flex\">\n<p class=\"has-base-2-color has-text-color has-link-color wp-elements-4a2a06acf5094487d487045f5955bfa8\" style=\"font-size:clamp(0.875em, 0.875rem + ((1vw - 0.2em) * 0.542), 1.2em);\">Accueil<\/p>\n\n\n\n<p class=\"has-base-2-color has-text-color has-link-color wp-elements-462c818bb0bd79c9a3c2e04b65f489ba\" style=\"font-size:clamp(0.875em, 0.875rem + ((1vw - 0.2em) * 0.542), 1.2em);\">\/<\/p>\n\n\n\n<p class=\"has-base-2-color has-text-color has-link-color wp-elements-3cf1138ef1d72d34892bdb2238e5de1e\" style=\"font-size:clamp(0.875em, 0.875rem + ((1vw - 0.2em) * 0.542), 1.2em);font-style:normal;font-weight:400\">\u00c0 propos de nous<\/p>\n<\/div>\n<\/div>\n<\/div><\/div>\n\n<div class=\"wp-block-group alignfull has-global-padding is-layout-constrained wp-container-core-group-is-layout-fc3172a5 wp-block-group-is-layout-constrained\" style=\"margin-top:0;margin-bottom:0;padding-top:var(--wp--preset--spacing--40);padding-right:var(--wp--preset--spacing--40);padding-bottom:var(--wp--preset--spacing--40);padding-left:var(--wp--preset--spacing--40)\">\n<div class=\"wp-block-group alignwide is-layout-flow wp-block-group-is-layout-flow\">\n<div class=\"wp-block-columns is-layout-flex wp-container-core-columns-is-layout-87beb0d0 wp-block-columns-is-layout-flex\">\n<div class=\"wp-block-column is-layout-flow wp-block-column-is-layout-flow\" style=\"flex-basis:30%\">\n<h2 class=\"wp-block-heading\" style=\"font-style:normal;font-weight:200\">Notre secteur<\/h2>\n<\/div>\n\n\n\n<div class=\"wp-block-column is-layout-flow wp-block-column-is-layout-flow\" style=\"flex-basis:70%\">\n<p>Le terme utilis\u00e9 dans le secteur pour d\u00e9crire ce que nous faisons chez World Cargo est \u00ab\u00a0transitaire\u00a0\u00bb. En tant que transitaires exp\u00e9riment\u00e9s, nous agissons en qualit\u00e9 d\u2019agents maritimes pour nos clients et organisons le transport de leurs marchandises. Notre vaste r\u00e9seau de transporteurs nous offre un ensemble diversifi\u00e9 de services et un acc\u00e8s \u00e0 n\u2019importe quelle destination. L\u2019\u00e9quipe de World Cargo peut organiser l\u2019int\u00e9gralit\u00e9 de votre exp\u00e9dition et r\u00e9pondre \u00e0 vos besoins en tant qu\u2019exp\u00e9diteur. Nous faisons en sorte que le transport de marchandises semble facile, afin que votre destination vous paraisse beaucoup plus proche.     <\/p>\n<\/div>\n<\/div>\n\n\n\n<div class=\"wp-block-columns is-layout-flex wp-container-core-columns-is-layout-87beb0d0 wp-block-columns-is-layout-flex\">\n<div class=\"wp-block-column is-layout-flow wp-block-column-is-layout-flow\" style=\"flex-basis:30%\">\n<h2 class=\"wp-block-heading\" style=\"font-style:normal;font-weight:200\">Notre entreprise<\/h2>\n<\/div>\n\n\n\n<div class=\"wp-block-column is-layout-flow wp-block-column-is-layout-flow\" style=\"flex-basis:70%\">\n<p>World Cargo est compos\u00e9e d\u2019une \u00e9quipe travailleuse qui comprend ce qu\u2019il faut pour r\u00e9ussir dans ce secteur. Nous nous concentrons sur nos clients en posant les bonnes questions et en trouvant le service id\u00e9al pour r\u00e9pondre \u00e0 leurs besoins. Nos ann\u00e9es d\u2019exp\u00e9rience nous conf\u00e8rent un avantage concurrentiel dans le secteur du transport maritime au Canada. Nous avons d\u00e9velopp\u00e9 une infrastructure qui nous permet d\u2019offrir les tarifs les plus comp\u00e9titifs du march\u00e9. En fin de compte, que vous importiez ou exportiez, nous pouvons assurer une livraison s\u00fbre, efficace et rentable de vos marchandises.    <\/p>\n<\/div>\n<\/div>\n\n\n\n<div class=\"wp-block-columns is-layout-flex wp-container-core-columns-is-layout-87beb0d0 wp-block-columns-is-layout-flex\">\n<div class=\"wp-block-column is-layout-flow wp-block-column-is-layout-flow\" style=\"flex-basis:30%\">\n<h2 class=\"wp-block-heading\" style=\"font-style:normal;font-weight:200\">Notre histoire<\/h2>\n<\/div>\n\n\n\n<div class=\"wp-block-column is-layout-flow wp-block-column-is-layout-flow\" style=\"flex-basis:70%\">\n<p>World Cargo est en activit\u00e9 depuis pr\u00e8s de dix ans et poss\u00e8de plus de 35\u00a0ans d\u2019exp\u00e9rience combin\u00e9e dans le domaine du transport maritime. Matthew Bryson en a pris la direction et est devenu pr\u00e9sident en 2008. Depuis lors, World Cargo a mis en place de nouvelles voies de navigation am\u00e9lior\u00e9es, \u00e9largi son offre de services et fourni \u00e0 des milliers de clients un service expert. En plus de d\u00e9velopper l\u2019ensemble de la division Fret maritime de World Cargo, Matthew continue de d\u00e9velopper l\u2019orientation de l\u2019entreprise vers les soci\u00e9t\u00e9s et les particuliers. En mettant l\u2019accent sur le service et l\u2019exp\u00e9rience, vous pouvez \u00eatre tranquille en sachant que vous \u00eates entre de bonnes mains avec World Cargo.    <\/p>\n<\/div>\n<\/div>\n<\/div>\n<\/div>\n\n<div class=\"wp-block-group alignfull has-background has-global-padding is-layout-constrained wp-container-core-group-is-layout-8f39493d wp-block-group-is-layout-constrained\" style=\"background-color:#efefef;margin-top:0;margin-bottom:0;padding-top:var(--wp--preset--spacing--40);padding-right:var(--wp--preset--spacing--40);padding-bottom:var(--wp--preset--spacing--40);padding-left:var(--wp--preset--spacing--40)\">\n<div class=\"wp-block-group alignwide is-layout-flow wp-container-core-group-is-layout-19eabfb7 wp-block-group-is-layout-flow\">\n<h2 class=\"wp-block-heading alignfull has-text-align-center\" style=\"font-style:normal;font-weight:200\">Notre \u00e9quipe<\/h2>\n\n\n\n<div class=\"wp-block-group alignfull has-global-padding is-layout-constrained wp-container-core-group-is-layout-e0082cf6 wp-block-group-is-layout-constrained\">\n<div class=\"wp-block-columns alignfull is-layout-flex wp-container-core-columns-is-layout-1da14fc4 wp-block-columns-is-layout-flex\" style=\"padding-top:0;padding-right:var(--wp--preset--spacing--20);padding-bottom:0;padding-left:var(--wp--preset--spacing--20)\">\n<div class=\"wp-block-column is-layout-flow wp-container-core-column-is-layout-22f5fd8e wp-block-column-is-layout-flow\">\n<figure class=\"wp-block-image size-large\"><img loading=\"lazy\" decoding=\"async\" width=\"1024\" height=\"687\" src=\"https:\/\/goworldcargo.com\/wp-content\/uploads\/2025\/12\/Matt-Headshot-1024x687.jpg\" alt=\"Portrait de Matthew Bryson.\" class=\"wp-image-5970\" title=\"\" srcset=\"https:\/\/goworldcargo.com\/wp-content\/uploads\/2025\/12\/Matt-Headshot-1024x687.jpg 1024w, https:\/\/goworldcargo.com\/wp-content\/uploads\/2025\/12\/Matt-Headshot-300x201.jpg 300w, https:\/\/goworldcargo.com\/wp-content\/uploads\/2025\/12\/Matt-Headshot-768x515.jpg 768w, https:\/\/goworldcargo.com\/wp-content\/uploads\/2025\/12\/Matt-Headshot-1536x1030.jpg 1536w, https:\/\/goworldcargo.com\/wp-content\/uploads\/2025\/12\/Matt-Headshot-2048x1374.jpg 2048w\" sizes=\"auto, (max-width: 1024px) 100vw, 1024px\" \/><\/figure>\n\n\n\n<div class=\"wp-block-group is-layout-flow wp-container-core-group-is-layout-a77db08e wp-block-group-is-layout-flow\">\n<p>Matthew Bryson<\/p>\n\n\n\n<p class=\"has-small-font-size\">Pr\u00e9sident<\/p>\n<\/div>\n\n\n\n<p class=\"has-small-font-size\">En tant que pr\u00e9sident de World Cargo, Matthew a strat\u00e9giquement dirig\u00e9 les op\u00e9rations de l\u2019entreprise en mettant l\u2019accent sur le d\u00e9veloppement commercial. Il s\u2019efforce de fournir des solutions logistiques au niveau international. Matthew promeut et incarne les missions et les valeurs fondamentales de l\u2019entreprise, en favorisant une culture d\u2019excellence, d\u2019engagement et de qualit\u00e9 dans le service \u00e0 la client\u00e8le.  <\/p>\n<\/div>\n\n\n\n<div class=\"wp-block-column is-layout-flow wp-container-core-column-is-layout-22f5fd8e wp-block-column-is-layout-flow\">\n<figure class=\"wp-block-image size-large\"><img loading=\"lazy\" decoding=\"async\" width=\"1024\" height=\"687\" src=\"https:\/\/goworldcargo.com\/wp-content\/uploads\/2025\/12\/Thais-Headshot-1024x687.jpg\" alt=\"\" class=\"wp-image-5972\" title=\"\" srcset=\"https:\/\/goworldcargo.com\/wp-content\/uploads\/2025\/12\/Thais-Headshot-1024x687.jpg 1024w, https:\/\/goworldcargo.com\/wp-content\/uploads\/2025\/12\/Thais-Headshot-300x201.jpg 300w, https:\/\/goworldcargo.com\/wp-content\/uploads\/2025\/12\/Thais-Headshot-768x515.jpg 768w, https:\/\/goworldcargo.com\/wp-content\/uploads\/2025\/12\/Thais-Headshot-1536x1030.jpg 1536w, https:\/\/goworldcargo.com\/wp-content\/uploads\/2025\/12\/Thais-Headshot-2048x1374.jpg 2048w\" sizes=\"auto, (max-width: 1024px) 100vw, 1024px\" \/><\/figure>\n\n\n\n<div class=\"wp-block-group is-layout-flow wp-container-core-group-is-layout-a77db08e wp-block-group-is-layout-flow\">\n<p>Thais Soares<\/p>\n\n\n\n<p class=\"has-small-font-size\">Directrice des op\u00e9rations &#8211; International<\/p>\n<\/div>\n\n\n\n<p class=\"has-small-font-size\">Thais assure le bon fonctionnement des op\u00e9rations br\u00e9siliennes. Elle navigue habilement dans le labyrinthe des tarifs douaniers, des itin\u00e9raires et des r\u00e9glementations mondiales. Elle est votre experte incontournable pour r\u00e9soudre des probl\u00e8mes complexes et r\u00e9pondre \u00e0 des questions difficiles.  <\/p>\n<\/div>\n<\/div>\n\n\n\n<div class=\"wp-block-columns alignfull is-layout-flex wp-container-core-columns-is-layout-1da14fc4 wp-block-columns-is-layout-flex\" style=\"padding-top:0;padding-right:var(--wp--preset--spacing--20);padding-bottom:0;padding-left:var(--wp--preset--spacing--20)\">\n<div class=\"wp-block-column is-layout-flow wp-container-core-column-is-layout-22f5fd8e wp-block-column-is-layout-flow\">\n<figure class=\"wp-block-image size-large\"><img loading=\"lazy\" decoding=\"async\" width=\"1024\" height=\"687\" src=\"https:\/\/goworldcargo.com\/wp-content\/uploads\/2025\/12\/JC-Headshot-1024x687.jpg\" alt=\"\" class=\"wp-image-5971\" title=\"\" srcset=\"https:\/\/goworldcargo.com\/wp-content\/uploads\/2025\/12\/JC-Headshot-1024x687.jpg 1024w, https:\/\/goworldcargo.com\/wp-content\/uploads\/2025\/12\/JC-Headshot-300x201.jpg 300w, https:\/\/goworldcargo.com\/wp-content\/uploads\/2025\/12\/JC-Headshot-768x515.jpg 768w, https:\/\/goworldcargo.com\/wp-content\/uploads\/2025\/12\/JC-Headshot-1536x1030.jpg 1536w, https:\/\/goworldcargo.com\/wp-content\/uploads\/2025\/12\/JC-Headshot-2048x1374.jpg 2048w\" sizes=\"auto, (max-width: 1024px) 100vw, 1024px\" \/><\/figure>\n\n\n\n<div class=\"wp-block-group is-layout-flow wp-container-core-group-is-layout-a77db08e wp-block-group-is-layout-flow\">\n<p>Carlos Velazco<\/p>\n\n\n\n<p class=\"has-small-font-size\">Directeur des op\u00e9rations &#8211; Canada<\/p>\n<\/div>\n\n\n\n<p class=\"has-small-font-size\">Carlos est le cerveau de l\u2019op\u00e9ration. Il optimise avec expertise les calendriers d\u2019exp\u00e9dition et rel\u00e8ve facilement les d\u00e9fis de la logistique mondiale. Son expertise garantit que vos questions re\u00e7oivent toujours une r\u00e9ponse.  <\/p>\n<\/div>\n\n\n\n<div class=\"wp-block-column is-layout-flow wp-container-core-column-is-layout-22f5fd8e wp-block-column-is-layout-flow\">\n<figure class=\"wp-block-image size-large\"><img loading=\"lazy\" decoding=\"async\" width=\"1024\" height=\"687\" src=\"https:\/\/goworldcargo.com\/wp-content\/uploads\/2025\/12\/Ian-Headshot-1024x687.jpg\" alt=\"\" class=\"wp-image-5975\" title=\"\" srcset=\"https:\/\/goworldcargo.com\/wp-content\/uploads\/2025\/12\/Ian-Headshot-1024x687.jpg 1024w, https:\/\/goworldcargo.com\/wp-content\/uploads\/2025\/12\/Ian-Headshot-300x201.jpg 300w, https:\/\/goworldcargo.com\/wp-content\/uploads\/2025\/12\/Ian-Headshot-768x515.jpg 768w, https:\/\/goworldcargo.com\/wp-content\/uploads\/2025\/12\/Ian-Headshot-1536x1030.jpg 1536w, https:\/\/goworldcargo.com\/wp-content\/uploads\/2025\/12\/Ian-Headshot-2048x1374.jpg 2048w\" sizes=\"auto, (max-width: 1024px) 100vw, 1024px\" \/><\/figure>\n\n\n\n<div class=\"wp-block-group is-layout-flow wp-container-core-group-is-layout-a77db08e wp-block-group-is-layout-flow\">\n<p>Ian Humphries<\/p>\n\n\n\n<p class=\"has-small-font-size\">Directeur des op\u00e9rations &#8211; Est du Canada<\/p>\n<\/div>\n\n\n\n<p class=\"has-small-font-size\">Ian est la force motrice de l\u2019Est. Il est sp\u00e9cialis\u00e9 dans le transport de v\u00e9hicules \u00e0 l\u2019\u00e9chelle nationale et g\u00e8re magistralement le processus d\u2019exportation. Son expertise permet \u00e0 votre cargaison de franchir les fronti\u00e8res en toute transparence.  <\/p>\n<\/div>\n<\/div>\n\n\n\n<div class=\"wp-block-columns alignfull is-layout-flex wp-container-core-columns-is-layout-1da14fc4 wp-block-columns-is-layout-flex\" style=\"padding-top:0;padding-right:var(--wp--preset--spacing--20);padding-bottom:0;padding-left:var(--wp--preset--spacing--20)\">\n<div class=\"wp-block-column is-layout-flow wp-container-core-column-is-layout-22f5fd8e wp-block-column-is-layout-flow\">\n<figure class=\"wp-block-image size-large\"><img loading=\"lazy\" decoding=\"async\" width=\"1024\" height=\"687\" src=\"https:\/\/goworldcargo.com\/wp-content\/uploads\/2025\/12\/Stephanie-Headshot-1024x687.jpg\" alt=\"\" class=\"wp-image-5976\" title=\"\" srcset=\"https:\/\/goworldcargo.com\/wp-content\/uploads\/2025\/12\/Stephanie-Headshot-1024x687.jpg 1024w, https:\/\/goworldcargo.com\/wp-content\/uploads\/2025\/12\/Stephanie-Headshot-300x201.jpg 300w, https:\/\/goworldcargo.com\/wp-content\/uploads\/2025\/12\/Stephanie-Headshot-768x515.jpg 768w, https:\/\/goworldcargo.com\/wp-content\/uploads\/2025\/12\/Stephanie-Headshot-1536x1030.jpg 1536w, https:\/\/goworldcargo.com\/wp-content\/uploads\/2025\/12\/Stephanie-Headshot-2048x1374.jpg 2048w\" sizes=\"auto, (max-width: 1024px) 100vw, 1024px\" \/><\/figure>\n\n\n\n<div class=\"wp-block-group is-layout-flow wp-container-core-group-is-layout-a77db08e wp-block-group-is-layout-flow\">\n<p>Stephanie Chorozy<\/p>\n\n\n\n<p class=\"has-small-font-size\">Coordonnatrice logistique<\/p>\n<\/div>\n\n\n\n<p class=\"has-small-font-size\">Stephanie est le pilier de l\u2019\u00e9quipe \u00e0 Toronto. Elle g\u00e8re tous les types d\u2019exp\u00e9dition avec facilit\u00e9 et se sp\u00e9cialise dans les exportations efficaces depuis la porte d\u2019entr\u00e9e de l\u2019Est. Gr\u00e2ce \u00e0 sa supervision, aucune exp\u00e9dition n\u2019est trop complexe \u00e0 g\u00e9rer.  <\/p>\n<\/div>\n\n\n\n<div class=\"wp-block-column is-layout-flow wp-container-core-column-is-layout-22f5fd8e wp-block-column-is-layout-flow\">\n<figure class=\"wp-block-image size-large\"><img loading=\"lazy\" decoding=\"async\" width=\"1024\" height=\"687\" src=\"https:\/\/goworldcargo.com\/wp-content\/uploads\/2025\/12\/Sean-Headshot-1024x687.jpg\" alt=\"\" class=\"wp-image-5973\" title=\"\" srcset=\"https:\/\/goworldcargo.com\/wp-content\/uploads\/2025\/12\/Sean-Headshot-1024x687.jpg 1024w, https:\/\/goworldcargo.com\/wp-content\/uploads\/2025\/12\/Sean-Headshot-300x201.jpg 300w, https:\/\/goworldcargo.com\/wp-content\/uploads\/2025\/12\/Sean-Headshot-768x515.jpg 768w, https:\/\/goworldcargo.com\/wp-content\/uploads\/2025\/12\/Sean-Headshot-1536x1030.jpg 1536w, https:\/\/goworldcargo.com\/wp-content\/uploads\/2025\/12\/Sean-Headshot-2048x1374.jpg 2048w\" sizes=\"auto, (max-width: 1024px) 100vw, 1024px\" \/><\/figure>\n\n\n\n<div class=\"wp-block-group is-layout-flow wp-container-core-group-is-layout-a77db08e wp-block-group-is-layout-flow\">\n<p>Sean Bryson<\/p>\n\n\n\n<p class=\"has-small-font-size\">Responsable des op\u00e9rations d\u2019entrep\u00f4t<\/p>\n<\/div>\n\n\n\n<p class=\"has-small-font-size\">La plupart de nos exp\u00e9ditions commencent dans l\u2019entrep\u00f4t avec Sean. Laissez-lui le soin de garder vos marchandises organis\u00e9es et en s\u00e9curit\u00e9. En tant qu\u2019expert en emballage, Sean s\u2019assure \u00e9galement que votre exp\u00e9dition est pr\u00eate pour son voyage.  <\/p>\n<\/div>\n<\/div>\n<\/div>\n<\/div>\n<\/div>\n","protected":false},"excerpt":{"rendered":"<p>Notre secteur Le terme utilis\u00e9 dans le secteur pour d\u00e9crire ce que nous faisons chez World Cargo est \u00ab\u00a0transitaire\u00a0\u00bb. En tant que transitaires exp\u00e9riment\u00e9s, nous agissons en qualit\u00e9 d\u2019agents maritimes pour nos clients et organisons le transport de leurs marchandises. Notre vaste r\u00e9seau de transporteurs nous offre un ensemble diversifi\u00e9 de services et un acc\u00e8s [&hellip;]<\/p>\n","protected":false},"author":1,"featured_media":5925,"parent":0,"menu_order":0,"comment_status":"closed","ping_status":"closed","template":"page-no-title","meta":{"footnotes":""},"class_list":["post-6398","page","type-page","status-publish","has-post-thumbnail","hentry"],"_links":{"self":[{"href":"https:\/\/goworldcargo.com\/fr\/wp-json\/wp\/v2\/pages\/6398","targetHints":{"allow":["GET"]}}],"collection":[{"href":"https:\/\/goworldcargo.com\/fr\/wp-json\/wp\/v2\/pages"}],"about":[{"href":"https:\/\/goworldcargo.com\/fr\/wp-json\/wp\/v2\/types\/page"}],"author":[{"embeddable":true,"href":"https:\/\/goworldcargo.com\/fr\/wp-json\/wp\/v2\/users\/1"}],"replies":[{"embeddable":true,"href":"https:\/\/goworldcargo.com\/fr\/wp-json\/wp\/v2\/comments?post=6398"}],"version-history":[{"count":0,"href":"https:\/\/goworldcargo.com\/fr\/wp-json\/wp\/v2\/pages\/6398\/revisions"}],"wp:featuredmedia":[{"embeddable":true,"href":"https:\/\/goworldcargo.com\/fr\/wp-json\/wp\/v2\/media\/5925"}],"wp:attachment":[{"href":"https:\/\/goworldcargo.com\/fr\/wp-json\/wp\/v2\/media?parent=6398"}],"curies":[{"name":"wp","href":"https:\/\/api.w.org\/{rel}","templated":true}]}}